{"id":121908,"date":"2025-09-25T00:34:26","date_gmt":"2025-09-24T22:34:26","guid":{"rendered":"https:\/\/www.swissraft.ch\/?post_type=product&#038;p=121908"},"modified":"2025-11-13T05:36:13","modified_gmt":"2025-11-13T04:36:13","slug":"schneetoeff-madesimo-top-abenteuer","status":"publish","type":"product","link":"https:\/\/www.swissraft.ch\/de\/produkt\/schneetoeff-madesimo-top-abenteuer\/","title":{"rendered":"Schneet\u00f6ff in MADESIMO &#8211; TOP ABENTEUER &#8211; CHF 205.00"},"content":{"rendered":"\t\t<div data-elementor-type=\"wp-post\" data-elementor-id=\"121908\" class=\"elementor elementor-121908 elementor-121907\">\n\t\t\t\t\t\t\t\t\t<section class=\"elementor-section elementor-top-section elementor-element elementor-element-3303a7e3 elementor-section-boxed elementor-section-height-default elementor-section-height-default\" data-id=\"3303a7e3\" data-element_type=\"section\">\n\t\t\t\t\t\t<div class=\"elementor-container elementor-column-gap-default\">\n\t\t\t\t\t<div class=\"elementor-column elementor-col-100 elementor-top-column elementor-element elementor-element-16d72dbf\" data-id=\"16d72dbf\" data-element_type=\"column\">\n\t\t\t<div class=\"elementor-widget-wrap elementor-element-populated\">\n\t\t\t\t\t\t\t\t<div class=\"elementor-element elementor-element-d743c03 elementor-widget elementor-widget-text-editor\" data-id=\"d743c03\" data-element_type=\"widget\" data-widget_type=\"text-editor.default\">\n\t\t\t\t<div class=\"elementor-widget-container\">\n\t\t\t\t\t\t\t<h2>W\u00c4HLEN SIE UNTEN IHRE AKTIVIT\u00c4T AUS, UM GESCHENKGUTSCHEINE \/ TICKETS ZU VERSCHENKEN ODER ZU BUCHEN<\/h2>\n<table border=\"0\" width=\"580\" cellspacing=\"10\" cellpadding=\"10\">\n<tbody>\n<tr>\n<td width=\"50%\"><strong>Schneet\u00f6ff &#8211; MADESIMO &#8211; TOP ABENTEUER &#8211; (1 Schneet\u00f6ff \/ 1-2 Pers.)<\/strong><\/td>\n<td><strong>CHF 205.00 bis zu 2 Pers.<span class=\"productPrice\"><br \/><\/span><\/strong><\/td>\n<\/tr>\n<tr>\n<td>Weitere Informationen<\/td>\n<td><span class=\"plbl\"><strong>&#8211; Melden Sie sich 20 Min. vor der Abfahrt<\/strong><br \/>&#8211;  <\/span><span class=\"patt\">Der Pilot muss 18 j\u00e4hrig alt sein<br \/>&#8211; F\u00fchrerschein erforderlich<br \/>&#8211; Ab 10 j\u00e4hrig in Begleitung eines Erwachsenen<br \/>&#8211; Helmpflicht f\u00fcr Jugendliche bis 14 j\u00e4hrig<\/span><\/td>\n<\/tr>\n<tr>\n<td>Treffpunkt<\/td>\n<td><a href=\"https:\/\/www.google.com\/maps\/place\/46%C2%B026'50.3%22N+9%C2%B021'51.1%22E\/@46.4473968,9.3619629,389m\/data=!3m1!1e3!4m4!3m3!8m2!3d46.4473056!4d9.3641944?entry=ttu\" target=\"_blank\" rel=\"noopener\">Madesimo<\/a><\/td>\n<\/tr>\n<tr>\n<td>Startzeiten<\/td>\n<td>Morgens und Nachmittags<\/td>\n<\/tr>\n<tr>\n<td>Schneet\u00f6ff<\/td>\n<td>ca. 2 Std.<\/td>\n<\/tr>\n<tr>\n<td>Gesamtdauer<\/td>\n<td>ca. 2,5 Std.<\/td>\n<\/tr>\n<tr>\n<td><a href=\"https:\/\/swissraft.outdoorbooking.ch\/fo\/products\/2179?base_id=206&amp;category_id=32&amp;order_type=gift_voucher&amp;lang=de\" target=\"_blank\" rel=\"noopener\"><button class=\"elementor-button\" type=\"button\">GUTSCHEIN \/ TICKET KAUFEN<\/button><\/a><\/td>\n<td><span style=\"color: #ff6600;\"><a href=\"https:\/\/swissraft.outdoorbooking.ch\/fo\/products\/2179?base_id=206&amp;category_id=32&amp;order_type=event&amp;lang=de\" target=\"_blank\" rel=\"noopener\">RESERVIEREN SIE EIN DATUM<\/a><\/span><\/td>\n<\/tr>\n<\/tbody>\n<\/table>\n\t\t\t\t\t\t<\/div>\n\t\t\t\t<\/div>\n\t\t\t\t\t<\/div>\n\t\t<\/div>\n\t\t\t\t\t\t\t<\/div>\n\t\t<\/section>\n\t\t\t\t\t\t\t<\/div>\n\t\t","protected":false},"excerpt":{"rendered":"<div align=\"justify\">\n<h2 align=\"justify\">Die Top-Abenteuertour mit dem Schneemobil ist eine Tour mit mittlerem Schwierigkeitsgrad.<\/h2>\n<h3>Ob allein oder mit Begleitung, das Fahren eines Schneemobils ist zweifellos ein Erlebnis.<\/h3>\n<\/div>\n<div align=\"justify\">\n<p>F\u00fcr alle, die eine ruhige Ausfahrt ab <a href=\"https:\/\/de.wikipedia.org\/wiki\/Madesimo\" target=\"_blank\" rel=\"noopener\"><strong>Madesimo<\/strong><\/a> fern vom Wochenendtrubel geniessen m\u00f6chten, bieten wir eine zweist\u00fcndige Tour an. Sie befahren die meisten Pisten, die stets perfekt von unseren Pistenmaschinen pr\u00e4pariert werden. Wir bieten einen 2-st\u00fcndigen Ausflug an. Sie werden die meisten Pisten befahren, die von unseren Pistenfahrzeugen immer perfekt gepflegt werden. Unsere Reiseleiter begleiten Sie bis zum Andossi-Plateau. Sie werden auf jeden Fall an der &#8222;Cava&#8220; anhalten, um einen 360 Grad Blick \u00fcber das Madesimo Tal und seine herrlichen Berge, wie den Pizzo Quadro (3015 m) und den Pizzo Ferr\u00e8 (3103 m) zu genie\u00dfen. Sie setzen Ihren Weg \u00fcber Steigungen und Gef\u00e4lle fort und \u00fcberqueren kleine Br\u00fccken, um die italienisch-schweizerische Grenze zu erreichen. Wenn noch Zeit bleibt, fahren Sie weiter zum Lago Nero oder zum kleinen Dorf Stuetta, das auch als Klein-Paris bekannt ist.<\/p>\n<h3>6 Touren mit Schneemobilen mit Verbrennungsmotor von Madagaskar aus. <a href=\"https:\/\/de.wikipedia.org\/wiki\/Madesimo\" target=\"_blank\" rel=\"noopener\"><strong>Madesimo<\/strong><\/a> werden von Swissraft angeboten.<\/h3>\n<p id=\"textarea\" style=\"display: none;\">\nZum einen der Montespluga und zum anderen die Cava-Route. Au\u00dferdem bieten wir die Spl\u00fcgen-Pass-Runde oder die Kombination von Spl\u00fcgen und Schwarzsee sowie die Grand Tour-Runde an. In Engelberg haben wir einen 3 km langen Rundweg mit einem Schneemobil und dann einen <a href=\"https:\/\/www.bobsla.com\/\" target=\"_blank\" rel=\"noopener\"><strong>Bobsla<\/strong><\/a> einem revolution\u00e4ren Fahrzeug und schlie\u00dflich einem Moonbike, die alle elektrisch angetrieben werden.<br \/>\nF\u00fcr diejenigen, die ein au\u00dfergew\u00f6hnliches, behindertengerechtes Fahrzeug kennen lernen m\u00f6chten, bieten wir Ihnen den Ziesel in Hoch-Ybrig an.\n<\/p>\n<p><a id=\"seeMore\" onclick=\"toggleSeeMore()\" href=\"javascript:void(0);\">Lesen Sie mehr<\/a><\/p>\n","protected":false},"featured_media":121931,"comment_status":"open","ping_status":"closed","template":"","meta":{"inline_featured_image":false,"_mi_skip_tracking":false},"product_cat":[327,328],"product_tag":[],"class_list":["post-121908","product","type-product","status-publish","has-post-thumbnail","hentry","product_cat-schneetoeff-in-der-schweiz","product_cat-schneetoeff-madesimo"],"yoast_head":"<!-- This site is optimized with the Yoast SEO plugin v23.6 - https:\/\/yoast.com\/wordpress\/plugins\/seo\/ -->\n<title>Schneet\u00f6ff - Madesimo - Top Abenteuer eine mittlere bis schwierige Strecke<\/title>\n<meta name=\"description\" content=\"Schneet\u00f6ff - Madesimo - Top Abenteuer, eine Strecke mit mittleren und h\u00f6heren Schwierigkeitsgraden, die Sie zum Gipfel mit einem 360-Grad-Panoramablick f\u00fchrt.\" \/>\n<meta name=\"robots\" content=\"index, follow, max-snippet:-1, max-image-preview:large, max-video-preview:-1\" \/>\n<link rel=\"canonical\" href=\"https:\/\/www.swissraft.ch\/de\/produkt\/schneetoeff-madesimo-top-abenteuer\/\" \/>\n<meta property=\"og:locale\" content=\"de_DE\" \/>\n<meta property=\"og:type\" content=\"article\" \/>\n<meta property=\"og:title\" content=\"Schneet\u00f6ff - Madesimo - Top Abenteuer eine mittlere bis schwierige Strecke\" \/>\n<meta property=\"og:description\" content=\"Schneet\u00f6ff - Madesimo - Top Abenteuer, eine Strecke mit mittleren und h\u00f6heren Schwierigkeitsgraden, die Sie zum Gipfel mit einem 360-Grad-Panoramablick f\u00fchrt.\" \/>\n<meta property=\"og:url\" content=\"https:\/\/www.swissraft.ch\/de\/produkt\/schneetoeff-madesimo-top-abenteuer\/\" \/>\n<meta property=\"og:site_name\" content=\"Swissraft\" \/>\n<meta property=\"article:modified_time\" content=\"2025-11-13T04:36:13+00:00\" \/>\n<meta property=\"og:image\" content=\"https:\/\/www.swissraft.ch\/wp-content\/uploads\/2025\/09\/top-aventure-776x776-1.png\" \/>\n\t<meta property=\"og:image:width\" content=\"776\" \/>\n\t<meta property=\"og:image:height\" content=\"776\" \/>\n\t<meta property=\"og:image:type\" content=\"image\/png\" \/>\n<meta name=\"twitter:card\" content=\"summary_large_image\" \/>\n<meta name=\"twitter:label1\" content=\"Gesch\u00e4tzte Lesezeit\" \/>\n\t<meta name=\"twitter:data1\" content=\"1\u00a0Minute\" \/>\n<script type=\"application\/ld+json\" class=\"yoast-schema-graph\">{\"@context\":\"https:\/\/schema.org\",\"@graph\":[{\"@type\":\"WebPage\",\"@id\":\"https:\/\/www.swissraft.ch\/de\/produkt\/schneetoeff-madesimo-top-abenteuer\/\",\"url\":\"https:\/\/www.swissraft.ch\/de\/produkt\/schneetoeff-madesimo-top-abenteuer\/\",\"name\":\"Schneet\u00f6ff - Madesimo - Top Abenteuer eine mittlere bis schwierige Strecke\",\"isPartOf\":{\"@id\":\"https:\/\/www.swissraft.ch\/de\/#website\"},\"primaryImageOfPage\":{\"@id\":\"https:\/\/www.swissraft.ch\/de\/produkt\/schneetoeff-madesimo-top-abenteuer\/#primaryimage\"},\"image\":{\"@id\":\"https:\/\/www.swissraft.ch\/de\/produkt\/schneetoeff-madesimo-top-abenteuer\/#primaryimage\"},\"thumbnailUrl\":\"https:\/\/www.swissraft.ch\/wp-content\/uploads\/2025\/09\/top-aventure-776x776-1.png\",\"datePublished\":\"2025-09-24T22:34:26+00:00\",\"dateModified\":\"2025-11-13T04:36:13+00:00\",\"description\":\"Schneet\u00f6ff - Madesimo - Top Abenteuer, eine Strecke mit mittleren und h\u00f6heren Schwierigkeitsgraden, die Sie zum Gipfel mit einem 360-Grad-Panoramablick f\u00fchrt.\",\"breadcrumb\":{\"@id\":\"https:\/\/www.swissraft.ch\/de\/produkt\/schneetoeff-madesimo-top-abenteuer\/#breadcrumb\"},\"inLanguage\":\"de\",\"potentialAction\":[{\"@type\":\"ReadAction\",\"target\":[\"https:\/\/www.swissraft.ch\/de\/produkt\/schneetoeff-madesimo-top-abenteuer\/\"]}]},{\"@type\":\"ImageObject\",\"inLanguage\":\"de\",\"@id\":\"https:\/\/www.swissraft.ch\/de\/produkt\/schneetoeff-madesimo-top-abenteuer\/#primaryimage\",\"url\":\"https:\/\/www.swissraft.ch\/wp-content\/uploads\/2025\/09\/top-aventure-776x776-1.png\",\"contentUrl\":\"https:\/\/www.swissraft.ch\/wp-content\/uploads\/2025\/09\/top-aventure-776x776-1.png\",\"width\":776,\"height\":776,\"caption\":\"Abfahrt von Madesimo f\u00fcr die Top Adventure Tour\"},{\"@type\":\"BreadcrumbList\",\"@id\":\"https:\/\/www.swissraft.ch\/de\/produkt\/schneetoeff-madesimo-top-abenteuer\/#breadcrumb\",\"itemListElement\":[{\"@type\":\"ListItem\",\"position\":1,\"name\":\"Accueil\",\"item\":\"https:\/\/www.swissraft.ch\/de\/\"},{\"@type\":\"ListItem\",\"position\":2,\"name\":\"Shop\",\"item\":\"https:\/\/www.swissraft.ch\/de\/shop\/\"},{\"@type\":\"ListItem\",\"position\":3,\"name\":\"Schneet\u00f6ff in MADESIMO &#8211; TOP ABENTEUER &#8211; CHF 205.00\"}]},{\"@type\":\"WebSite\",\"@id\":\"https:\/\/www.swissraft.ch\/de\/#website\",\"url\":\"https:\/\/www.swissraft.ch\/de\/\",\"name\":\"Swissraft\",\"description\":\"To enjoy nature as it is\",\"publisher\":{\"@id\":\"https:\/\/www.swissraft.ch\/de\/#organization\"},\"potentialAction\":[{\"@type\":\"SearchAction\",\"target\":{\"@type\":\"EntryPoint\",\"urlTemplate\":\"https:\/\/www.swissraft.ch\/de\/?s={search_term_string}\"},\"query-input\":{\"@type\":\"PropertyValueSpecification\",\"valueRequired\":true,\"valueName\":\"search_term_string\"}}],\"inLanguage\":\"de\"},{\"@type\":\"Organization\",\"@id\":\"https:\/\/www.swissraft.ch\/de\/#organization\",\"name\":\"Swissraft\",\"url\":\"https:\/\/www.swissraft.ch\/de\/\",\"logo\":{\"@type\":\"ImageObject\",\"inLanguage\":\"de\",\"@id\":\"https:\/\/www.swissraft.ch\/de\/#\/schema\/logo\/image\/\",\"url\":\"https:\/\/www.swissraft.ch\/wp-content\/uploads\/2025\/09\/Capture.jpg\",\"contentUrl\":\"https:\/\/www.swissraft.ch\/wp-content\/uploads\/2025\/09\/Capture.jpg\",\"width\":293,\"height\":108,\"caption\":\"Swissraft\"},\"image\":{\"@id\":\"https:\/\/www.swissraft.ch\/de\/#\/schema\/logo\/image\/\"}}]}<\/script>\n<!-- \/ Yoast SEO plugin. -->","yoast_head_json":{"title":"Schneet\u00f6ff - Madesimo - Top Abenteuer eine mittlere bis schwierige Strecke","description":"Schneet\u00f6ff - Madesimo - Top Abenteuer, eine Strecke mit mittleren und h\u00f6heren Schwierigkeitsgraden, die Sie zum Gipfel mit einem 360-Grad-Panoramablick f\u00fchrt.","robots":{"index":"index","follow":"follow","max-snippet":"max-snippet:-1","max-image-preview":"max-image-preview:large","max-video-preview":"max-video-preview:-1"},"canonical":"https:\/\/www.swissraft.ch\/de\/produkt\/schneetoeff-madesimo-top-abenteuer\/","og_locale":"de_DE","og_type":"article","og_title":"Schneet\u00f6ff - Madesimo - Top Abenteuer eine mittlere bis schwierige Strecke","og_description":"Schneet\u00f6ff - Madesimo - Top Abenteuer, eine Strecke mit mittleren und h\u00f6heren Schwierigkeitsgraden, die Sie zum Gipfel mit einem 360-Grad-Panoramablick f\u00fchrt.","og_url":"https:\/\/www.swissraft.ch\/de\/produkt\/schneetoeff-madesimo-top-abenteuer\/","og_site_name":"Swissraft","article_modified_time":"2025-11-13T04:36:13+00:00","og_image":[{"width":776,"height":776,"url":"https:\/\/www.swissraft.ch\/wp-content\/uploads\/2025\/09\/top-aventure-776x776-1.png","type":"image\/png"}],"twitter_card":"summary_large_image","twitter_misc":{"Gesch\u00e4tzte Lesezeit":"1\u00a0Minute"},"schema":{"@context":"https:\/\/schema.org","@graph":[{"@type":"WebPage","@id":"https:\/\/www.swissraft.ch\/de\/produkt\/schneetoeff-madesimo-top-abenteuer\/","url":"https:\/\/www.swissraft.ch\/de\/produkt\/schneetoeff-madesimo-top-abenteuer\/","name":"Schneet\u00f6ff - Madesimo - Top Abenteuer eine mittlere bis schwierige Strecke","isPartOf":{"@id":"https:\/\/www.swissraft.ch\/de\/#website"},"primaryImageOfPage":{"@id":"https:\/\/www.swissraft.ch\/de\/produkt\/schneetoeff-madesimo-top-abenteuer\/#primaryimage"},"image":{"@id":"https:\/\/www.swissraft.ch\/de\/produkt\/schneetoeff-madesimo-top-abenteuer\/#primaryimage"},"thumbnailUrl":"https:\/\/www.swissraft.ch\/wp-content\/uploads\/2025\/09\/top-aventure-776x776-1.png","datePublished":"2025-09-24T22:34:26+00:00","dateModified":"2025-11-13T04:36:13+00:00","description":"Schneet\u00f6ff - Madesimo - Top Abenteuer, eine Strecke mit mittleren und h\u00f6heren Schwierigkeitsgraden, die Sie zum Gipfel mit einem 360-Grad-Panoramablick f\u00fchrt.","breadcrumb":{"@id":"https:\/\/www.swissraft.ch\/de\/produkt\/schneetoeff-madesimo-top-abenteuer\/#breadcrumb"},"inLanguage":"de","potentialAction":[{"@type":"ReadAction","target":["https:\/\/www.swissraft.ch\/de\/produkt\/schneetoeff-madesimo-top-abenteuer\/"]}]},{"@type":"ImageObject","inLanguage":"de","@id":"https:\/\/www.swissraft.ch\/de\/produkt\/schneetoeff-madesimo-top-abenteuer\/#primaryimage","url":"https:\/\/www.swissraft.ch\/wp-content\/uploads\/2025\/09\/top-aventure-776x776-1.png","contentUrl":"https:\/\/www.swissraft.ch\/wp-content\/uploads\/2025\/09\/top-aventure-776x776-1.png","width":776,"height":776,"caption":"Abfahrt von Madesimo f\u00fcr die Top Adventure Tour"},{"@type":"BreadcrumbList","@id":"https:\/\/www.swissraft.ch\/de\/produkt\/schneetoeff-madesimo-top-abenteuer\/#breadcrumb","itemListElement":[{"@type":"ListItem","position":1,"name":"Accueil","item":"https:\/\/www.swissraft.ch\/de\/"},{"@type":"ListItem","position":2,"name":"Shop","item":"https:\/\/www.swissraft.ch\/de\/shop\/"},{"@type":"ListItem","position":3,"name":"Schneet\u00f6ff in MADESIMO &#8211; TOP ABENTEUER &#8211; CHF 205.00"}]},{"@type":"WebSite","@id":"https:\/\/www.swissraft.ch\/de\/#website","url":"https:\/\/www.swissraft.ch\/de\/","name":"Swissraft","description":"To enjoy nature as it is","publisher":{"@id":"https:\/\/www.swissraft.ch\/de\/#organization"},"potentialAction":[{"@type":"SearchAction","target":{"@type":"EntryPoint","urlTemplate":"https:\/\/www.swissraft.ch\/de\/?s={search_term_string}"},"query-input":{"@type":"PropertyValueSpecification","valueRequired":true,"valueName":"search_term_string"}}],"inLanguage":"de"},{"@type":"Organization","@id":"https:\/\/www.swissraft.ch\/de\/#organization","name":"Swissraft","url":"https:\/\/www.swissraft.ch\/de\/","logo":{"@type":"ImageObject","inLanguage":"de","@id":"https:\/\/www.swissraft.ch\/de\/#\/schema\/logo\/image\/","url":"https:\/\/www.swissraft.ch\/wp-content\/uploads\/2025\/09\/Capture.jpg","contentUrl":"https:\/\/www.swissraft.ch\/wp-content\/uploads\/2025\/09\/Capture.jpg","width":293,"height":108,"caption":"Swissraft"},"image":{"@id":"https:\/\/www.swissraft.ch\/de\/#\/schema\/logo\/image\/"}}]}},"_links":{"self":[{"href":"https:\/\/www.swissraft.ch\/de\/wp-json\/wp\/v2\/product\/121908","targetHints":{"allow":["GET"]}}],"collection":[{"href":"https:\/\/www.swissraft.ch\/de\/wp-json\/wp\/v2\/product"}],"about":[{"href":"https:\/\/www.swissraft.ch\/de\/wp-json\/wp\/v2\/types\/product"}],"replies":[{"embeddable":true,"href":"https:\/\/www.swissraft.ch\/de\/wp-json\/wp\/v2\/comments?post=121908"}],"version-history":[{"count":22,"href":"https:\/\/www.swissraft.ch\/de\/wp-json\/wp\/v2\/product\/121908\/revisions"}],"predecessor-version":[{"id":123370,"href":"https:\/\/www.swissraft.ch\/de\/wp-json\/wp\/v2\/product\/121908\/revisions\/123370"}],"wp:featuredmedia":[{"embeddable":true,"href":"https:\/\/www.swissraft.ch\/de\/wp-json\/wp\/v2\/media\/121931"}],"wp:attachment":[{"href":"https:\/\/www.swissraft.ch\/de\/wp-json\/wp\/v2\/media?parent=121908"}],"wp:term":[{"taxonomy":"product_cat","embeddable":true,"href":"https:\/\/www.swissraft.ch\/de\/wp-json\/wp\/v2\/product_cat?post=121908"},{"taxonomy":"product_tag","embeddable":true,"href":"https:\/\/www.swissraft.ch\/de\/wp-json\/wp\/v2\/product_tag?post=121908"}],"curies":[{"name":"wp","href":"https:\/\/api.w.org\/{rel}","templated":true}]}}