{"id":119953,"date":"2025-07-11T22:45:46","date_gmt":"2025-07-11T20:45:46","guid":{"rendered":"https:\/\/www.swissraft.ch\/?post_type=product&#038;p=119953"},"modified":"2025-12-27T17:37:18","modified_gmt":"2025-12-27T16:37:18","slug":"schulreise-easy-rafting-rhein-schaffhausen-rudlingen","status":"publish","type":"product","link":"https:\/\/www.swissraft.ch\/de\/produkt\/schulreise-easy-rafting-rhein-schaffhausen-rudlingen\/","title":{"rendered":"Schulreise &#8211; UNTERHALB DES RHEINFALLS &#8211; EASY RAFTING &#8211; RHEIN &#8211; SCHAFFHAUSEN &#8211; R\u00dcDLINGEN &#8211; CHF 99.00"},"content":{"rendered":"\t\t<div data-elementor-type=\"wp-post\" data-elementor-id=\"119953\" class=\"elementor elementor-119953 elementor-119952\">\n\t\t\t\t\t\t\t\t\t<section class=\"elementor-section elementor-top-section elementor-element elementor-element-3303a7e3 elementor-section-boxed elementor-section-height-default elementor-section-height-default\" data-id=\"3303a7e3\" data-element_type=\"section\">\n\t\t\t\t\t\t<div class=\"elementor-container elementor-column-gap-default\">\n\t\t\t\t\t<div class=\"elementor-column elementor-col-100 elementor-top-column elementor-element elementor-element-16d72dbf\" data-id=\"16d72dbf\" data-element_type=\"column\">\n\t\t\t<div class=\"elementor-widget-wrap elementor-element-populated\">\n\t\t\t\t\t\t\t\t<div class=\"elementor-element elementor-element-d743c03 elementor-widget elementor-widget-text-editor\" data-id=\"d743c03\" data-element_type=\"widget\" data-widget_type=\"text-editor.default\">\n\t\t\t\t<div class=\"elementor-widget-container\">\n\t\t\t\t\t\t\t<h2>W\u00c4HLEN SIE UNTEN IHRE AKTIVIT\u00c4T AUS, UM GESCHENKGUTSCHEINE \/ TICKETS ZU VERSCHENKEN ODER ZU BUCHEN.<\/h2><table border=\"0\" width=\"580\" cellspacing=\"10\" cellpadding=\"10\"><tbody><tr><td width=\"50%\"><strong>SCHULAUSFLUG &#8211; EASY RAFTING &#8211; SCHAFFHAUSEN-R\u00dcDLINGEN Tag + Getr\u00e4nk<\/strong><\/td><td><strong>CHF 99.00 pro Sch\u00fcler<span class=\"productPrice\"><br \/><\/span><\/strong><\/td><\/tr><tr><td>Zus\u00e4tzliche Informationen<\/td><td>&#8211;<span class=\"patt\"> Mindestalter 10 Jahre<br \/><\/span>&#8211; Erwachsene Begleitperson erforderlich<br \/>&#8211; Mindestens 15 Sch\u00fcler<\/td><\/tr><tr><td>Strecke<\/td><td><strong>Schaffhausen-R\u00fcdlingen<\/strong><\/td><\/tr><tr><td>Startzeit<\/td><td>10h00<\/td><\/tr><tr><td>Easy Rafting oder Fun Rafting<\/td><td>ca. 4,5 Std.<\/td><\/tr><tr><td>Gesamtdauer<\/td><td>ca. 6,5 Std.<\/td><\/tr><tr><td>Treffpunkt<\/td><td><span style=\"color: #ff6600;\"><a href=\"https:\/\/www.google.com\/maps\/place\/47%C2%B040'41.3%22N+8%C2%B036'40.1%22E\/@47.6782617,8.6083065,483m\/data=!3m1!1e3!4m4!3m3!8m2!3d47.6781389!4d8.6111389?entry=ttu\" target=\"_blank\" rel=\"noopener\">Neuhausen<\/a><\/span><\/td><\/tr><tr><td>Schwierigkeitsgrad<\/td><td>1<\/td><\/tr><tr><td>\u00a0<\/td><td>Um zu buchen : <a href=\"https:\/\/www.swissraft.ch\/de\/kontakt\/\">Kontaktieren Sie uns<\/a><\/td><\/tr><\/tbody><\/table>\t\t\t\t\t\t<\/div>\n\t\t\t\t<\/div>\n\t\t\t\t<div class=\"elementor-element elementor-element-b6b70fd elementor-widget elementor-widget-text-editor\" data-id=\"b6b70fd\" data-element_type=\"widget\" data-widget_type=\"text-editor.default\">\n\t\t\t\t<div class=\"elementor-widget-container\">\n\t\t\t\t\t\t\t\t\t\t\t\t\t<\/div>\n\t\t\t\t<\/div>\n\t\t\t\t\t<\/div>\n\t\t<\/div>\n\t\t\t\t\t\t\t<\/div>\n\t\t<\/section>\n\t\t\t\t\t\t\t<\/div>\n\t\t","protected":false},"excerpt":{"rendered":"<div align=\"justify\">\n<h2 align=\"justify\">Easy Rafting Schaffhausen-R\u00fcdlingen auf dem Rhein, das Abenteuer eines Tages zwischen Schaffhausen und R\u00fcdlingen<\/h2>\n<h3>Easy Rafting und ein entspannter Tag auf dem Rhein; Sie und Ihre Sch\u00fcler werden diese Fahrt genie\u00dfen.<\/h3>\n<\/div>\n<div align=\"justify\">\n<p>Ein Tag <strong>Easy Rafting<\/strong> auf dem Rhein zwischen Schaffhausen und R\u00fcdlingen! Diese Route ist ideal f\u00fcr einen Schulausflug. Am Morgen umrunden Sie einen Staudamm und halten dann f\u00fcr ein Picknick neben dem imposanten Kloster Rheinau. Nach einer Mittagspause setzen Sie Ihre <strong>easy rafting<\/strong> Fahrt auf dem Rhein fort. Am Nachmittag erwarten Sie zwei weitere Staustufen, bevor Sie die Thurm\u00fcndung passieren und in R\u00fcdlingen Ihr Ziel erreichen.<\/p>\n<h3>In der Schweiz gibt es viele Alternativen zum Easy Rafting auf dem Rhein.<\/h3>\n<p id=\"textarea\" style=\"display: none;\">\nEbenfalls auf dem Rhein bietet Swissraft die Strecke Schaffhausen-Rheinau f\u00fcr einen halben Tag an. Aber auch f\u00fcnf <strong>Fun Rafting<\/strong> Strecken auf der Reuss: Mellingen &#8211; Gebenstorf, Bremgarten &#8211; Gebenstorf, Bremgarten &#8211; Gnadental, Bremgarten &#8211; Mellingen. Aber auch Gisikon &#8211; Ottenbach in den Kantonen Luzern und Z\u00fcrich. Au\u00dferdem bieten wir Ihnen <strong>Easy Rafting<\/strong> auf der Saane im Kanton Waadt an. Easy Rafting auf der Rhone zwischen Chippis und St. L\u00e9onard im Wallis. Die L\u00fctschine in Interlaken im Berner Oberland. <strong>Easy Rafting<\/strong> auf der Aare zwischen Thun und Bern sowie Easy Rafting auf dem Ticino im Tessin und auf dem Inn im unteren Engadin.<br \/>\nM\u00f6chten Sie mehr Aktionen als diese Rheinfahrt?<br \/>\nNehmen Sie sich einen Moment Zeit, um sich unsere <strong>Riverrafting-Angebote<\/strong> anzusehen. Swissraft bietet <strong>Raftingstrecken<\/strong> auf allen befahrbaren Fl\u00fcssen in der Schweiz und im benachbarten Frankreich an.\n<\/p>\n<p><a id=\"seeMore\" onclick=\"toggleSeeMore()\" href=\"javascript:void(0);\">Lesen Sie mehr<\/a><\/p>\n","protected":false},"featured_media":84910,"comment_status":"open","ping_status":"closed","template":"","meta":{"inline_featured_image":false,"_mi_skip_tracking":false},"product_cat":[275,634,276],"product_tag":[],"class_list":["post-119953","product","type-product","status-publish","has-post-thumbnail","hentry","product_cat-gruppen","product_cat-schulreise-easy-rafting-in-der-schweiz","product_cat-schulreise-klassenausflug"],"yoast_head":"<!-- This site is optimized with the Yoast SEO plugin v23.6 - https:\/\/yoast.com\/wordpress\/plugins\/seo\/ -->\n<title>Schulausflug Schaffhausen-R\u00fcdlingen auf dem Rhein; ein Tag<\/title>\n<meta name=\"description\" content=\"Schulausflug Schaffhausen-R\u00fcdlingen f\u00fcr einen Klassenausflug mit ihren Lehrern f\u00fcr einen entspannten Tag mit Picknick. Ein erfolgreicher Tag\" \/>\n<meta name=\"robots\" content=\"index, follow, max-snippet:-1, max-image-preview:large, max-video-preview:-1\" \/>\n<link rel=\"canonical\" href=\"https:\/\/www.swissraft.ch\/de\/produkt\/schulreise-easy-rafting-rhein-schaffhausen-rudlingen\/\" \/>\n<meta property=\"og:locale\" content=\"de_DE\" \/>\n<meta property=\"og:type\" content=\"article\" \/>\n<meta property=\"og:title\" content=\"Schulausflug Schaffhausen-R\u00fcdlingen auf dem Rhein; ein Tag\" \/>\n<meta property=\"og:description\" content=\"Schulausflug Schaffhausen-R\u00fcdlingen f\u00fcr einen Klassenausflug mit ihren Lehrern f\u00fcr einen entspannten Tag mit Picknick. Ein erfolgreicher Tag\" \/>\n<meta property=\"og:url\" content=\"https:\/\/www.swissraft.ch\/de\/produkt\/schulreise-easy-rafting-rhein-schaffhausen-rudlingen\/\" \/>\n<meta property=\"og:site_name\" content=\"Swissraft\" \/>\n<meta property=\"article:modified_time\" content=\"2025-12-27T16:37:18+00:00\" \/>\n<meta property=\"og:image\" content=\"https:\/\/www.swissraft.ch\/wp-content\/uploads\/2023\/02\/1-Schaffhausen-Rudlingen-776x776-1.jpg\" \/>\n\t<meta property=\"og:image:width\" content=\"776\" \/>\n\t<meta property=\"og:image:height\" content=\"776\" \/>\n\t<meta property=\"og:image:type\" content=\"image\/jpeg\" \/>\n<meta name=\"twitter:card\" content=\"summary_large_image\" \/>\n<meta name=\"twitter:label1\" content=\"Gesch\u00e4tzte Lesezeit\" \/>\n\t<meta name=\"twitter:data1\" content=\"1\u00a0Minute\" \/>\n<script type=\"application\/ld+json\" class=\"yoast-schema-graph\">{\"@context\":\"https:\/\/schema.org\",\"@graph\":[{\"@type\":\"WebPage\",\"@id\":\"https:\/\/www.swissraft.ch\/de\/produkt\/schulreise-easy-rafting-rhein-schaffhausen-rudlingen\/\",\"url\":\"https:\/\/www.swissraft.ch\/de\/produkt\/schulreise-easy-rafting-rhein-schaffhausen-rudlingen\/\",\"name\":\"Schulausflug Schaffhausen-R\u00fcdlingen auf dem Rhein; ein Tag\",\"isPartOf\":{\"@id\":\"https:\/\/www.swissraft.ch\/de\/#website\"},\"primaryImageOfPage\":{\"@id\":\"https:\/\/www.swissraft.ch\/de\/produkt\/schulreise-easy-rafting-rhein-schaffhausen-rudlingen\/#primaryimage\"},\"image\":{\"@id\":\"https:\/\/www.swissraft.ch\/de\/produkt\/schulreise-easy-rafting-rhein-schaffhausen-rudlingen\/#primaryimage\"},\"thumbnailUrl\":\"https:\/\/www.swissraft.ch\/wp-content\/uploads\/2023\/02\/1-Schaffhausen-Rudlingen-776x776-1.jpg\",\"datePublished\":\"2025-07-11T20:45:46+00:00\",\"dateModified\":\"2025-12-27T16:37:18+00:00\",\"description\":\"Schulausflug Schaffhausen-R\u00fcdlingen f\u00fcr einen Klassenausflug mit ihren Lehrern f\u00fcr einen entspannten Tag mit Picknick. Ein erfolgreicher Tag\",\"breadcrumb\":{\"@id\":\"https:\/\/www.swissraft.ch\/de\/produkt\/schulreise-easy-rafting-rhein-schaffhausen-rudlingen\/#breadcrumb\"},\"inLanguage\":\"de\",\"potentialAction\":[{\"@type\":\"ReadAction\",\"target\":[\"https:\/\/www.swissraft.ch\/de\/produkt\/schulreise-easy-rafting-rhein-schaffhausen-rudlingen\/\"]}]},{\"@type\":\"ImageObject\",\"inLanguage\":\"de\",\"@id\":\"https:\/\/www.swissraft.ch\/de\/produkt\/schulreise-easy-rafting-rhein-schaffhausen-rudlingen\/#primaryimage\",\"url\":\"https:\/\/www.swissraft.ch\/wp-content\/uploads\/2023\/02\/1-Schaffhausen-Rudlingen-776x776-1.jpg\",\"contentUrl\":\"https:\/\/www.swissraft.ch\/wp-content\/uploads\/2023\/02\/1-Schaffhausen-Rudlingen-776x776-1.jpg\",\"width\":776,\"height\":776,\"caption\":\"Easy Rafting auf dem Rhein von Schaffhausen nach R\u00fcdlingen\"},{\"@type\":\"BreadcrumbList\",\"@id\":\"https:\/\/www.swissraft.ch\/de\/produkt\/schulreise-easy-rafting-rhein-schaffhausen-rudlingen\/#breadcrumb\",\"itemListElement\":[{\"@type\":\"ListItem\",\"position\":1,\"name\":\"Accueil\",\"item\":\"https:\/\/www.swissraft.ch\/de\/\"},{\"@type\":\"ListItem\",\"position\":2,\"name\":\"Shop\",\"item\":\"https:\/\/www.swissraft.ch\/de\/shop\/\"},{\"@type\":\"ListItem\",\"position\":3,\"name\":\"Schulreise &#8211; UNTERHALB DES RHEINFALLS &#8211; EASY RAFTING &#8211; RHEIN &#8211; SCHAFFHAUSEN &#8211; R\u00dcDLINGEN &#8211; CHF 99.00\"}]},{\"@type\":\"WebSite\",\"@id\":\"https:\/\/www.swissraft.ch\/de\/#website\",\"url\":\"https:\/\/www.swissraft.ch\/de\/\",\"name\":\"Swissraft\",\"description\":\"To enjoy nature as it is\",\"publisher\":{\"@id\":\"https:\/\/www.swissraft.ch\/de\/#organization\"},\"potentialAction\":[{\"@type\":\"SearchAction\",\"target\":{\"@type\":\"EntryPoint\",\"urlTemplate\":\"https:\/\/www.swissraft.ch\/de\/?s={search_term_string}\"},\"query-input\":{\"@type\":\"PropertyValueSpecification\",\"valueRequired\":true,\"valueName\":\"search_term_string\"}}],\"inLanguage\":\"de\"},{\"@type\":\"Organization\",\"@id\":\"https:\/\/www.swissraft.ch\/de\/#organization\",\"name\":\"Swissraft\",\"url\":\"https:\/\/www.swissraft.ch\/de\/\",\"logo\":{\"@type\":\"ImageObject\",\"inLanguage\":\"de\",\"@id\":\"https:\/\/www.swissraft.ch\/de\/#\/schema\/logo\/image\/\",\"url\":\"https:\/\/www.swissraft.ch\/wp-content\/uploads\/2025\/09\/Capture.jpg\",\"contentUrl\":\"https:\/\/www.swissraft.ch\/wp-content\/uploads\/2025\/09\/Capture.jpg\",\"width\":293,\"height\":108,\"caption\":\"Swissraft\"},\"image\":{\"@id\":\"https:\/\/www.swissraft.ch\/de\/#\/schema\/logo\/image\/\"}}]}<\/script>\n<!-- \/ Yoast SEO plugin. -->","yoast_head_json":{"title":"Schulausflug Schaffhausen-R\u00fcdlingen auf dem Rhein; ein Tag","description":"Schulausflug Schaffhausen-R\u00fcdlingen f\u00fcr einen Klassenausflug mit ihren Lehrern f\u00fcr einen entspannten Tag mit Picknick. Ein erfolgreicher Tag","robots":{"index":"index","follow":"follow","max-snippet":"max-snippet:-1","max-image-preview":"max-image-preview:large","max-video-preview":"max-video-preview:-1"},"canonical":"https:\/\/www.swissraft.ch\/de\/produkt\/schulreise-easy-rafting-rhein-schaffhausen-rudlingen\/","og_locale":"de_DE","og_type":"article","og_title":"Schulausflug Schaffhausen-R\u00fcdlingen auf dem Rhein; ein Tag","og_description":"Schulausflug Schaffhausen-R\u00fcdlingen f\u00fcr einen Klassenausflug mit ihren Lehrern f\u00fcr einen entspannten Tag mit Picknick. Ein erfolgreicher Tag","og_url":"https:\/\/www.swissraft.ch\/de\/produkt\/schulreise-easy-rafting-rhein-schaffhausen-rudlingen\/","og_site_name":"Swissraft","article_modified_time":"2025-12-27T16:37:18+00:00","og_image":[{"width":776,"height":776,"url":"https:\/\/www.swissraft.ch\/wp-content\/uploads\/2023\/02\/1-Schaffhausen-Rudlingen-776x776-1.jpg","type":"image\/jpeg"}],"twitter_card":"summary_large_image","twitter_misc":{"Gesch\u00e4tzte Lesezeit":"1\u00a0Minute"},"schema":{"@context":"https:\/\/schema.org","@graph":[{"@type":"WebPage","@id":"https:\/\/www.swissraft.ch\/de\/produkt\/schulreise-easy-rafting-rhein-schaffhausen-rudlingen\/","url":"https:\/\/www.swissraft.ch\/de\/produkt\/schulreise-easy-rafting-rhein-schaffhausen-rudlingen\/","name":"Schulausflug Schaffhausen-R\u00fcdlingen auf dem Rhein; ein Tag","isPartOf":{"@id":"https:\/\/www.swissraft.ch\/de\/#website"},"primaryImageOfPage":{"@id":"https:\/\/www.swissraft.ch\/de\/produkt\/schulreise-easy-rafting-rhein-schaffhausen-rudlingen\/#primaryimage"},"image":{"@id":"https:\/\/www.swissraft.ch\/de\/produkt\/schulreise-easy-rafting-rhein-schaffhausen-rudlingen\/#primaryimage"},"thumbnailUrl":"https:\/\/www.swissraft.ch\/wp-content\/uploads\/2023\/02\/1-Schaffhausen-Rudlingen-776x776-1.jpg","datePublished":"2025-07-11T20:45:46+00:00","dateModified":"2025-12-27T16:37:18+00:00","description":"Schulausflug Schaffhausen-R\u00fcdlingen f\u00fcr einen Klassenausflug mit ihren Lehrern f\u00fcr einen entspannten Tag mit Picknick. Ein erfolgreicher Tag","breadcrumb":{"@id":"https:\/\/www.swissraft.ch\/de\/produkt\/schulreise-easy-rafting-rhein-schaffhausen-rudlingen\/#breadcrumb"},"inLanguage":"de","potentialAction":[{"@type":"ReadAction","target":["https:\/\/www.swissraft.ch\/de\/produkt\/schulreise-easy-rafting-rhein-schaffhausen-rudlingen\/"]}]},{"@type":"ImageObject","inLanguage":"de","@id":"https:\/\/www.swissraft.ch\/de\/produkt\/schulreise-easy-rafting-rhein-schaffhausen-rudlingen\/#primaryimage","url":"https:\/\/www.swissraft.ch\/wp-content\/uploads\/2023\/02\/1-Schaffhausen-Rudlingen-776x776-1.jpg","contentUrl":"https:\/\/www.swissraft.ch\/wp-content\/uploads\/2023\/02\/1-Schaffhausen-Rudlingen-776x776-1.jpg","width":776,"height":776,"caption":"Easy Rafting auf dem Rhein von Schaffhausen nach R\u00fcdlingen"},{"@type":"BreadcrumbList","@id":"https:\/\/www.swissraft.ch\/de\/produkt\/schulreise-easy-rafting-rhein-schaffhausen-rudlingen\/#breadcrumb","itemListElement":[{"@type":"ListItem","position":1,"name":"Accueil","item":"https:\/\/www.swissraft.ch\/de\/"},{"@type":"ListItem","position":2,"name":"Shop","item":"https:\/\/www.swissraft.ch\/de\/shop\/"},{"@type":"ListItem","position":3,"name":"Schulreise &#8211; UNTERHALB DES RHEINFALLS &#8211; EASY RAFTING &#8211; RHEIN &#8211; SCHAFFHAUSEN &#8211; R\u00dcDLINGEN &#8211; CHF 99.00"}]},{"@type":"WebSite","@id":"https:\/\/www.swissraft.ch\/de\/#website","url":"https:\/\/www.swissraft.ch\/de\/","name":"Swissraft","description":"To enjoy nature as it is","publisher":{"@id":"https:\/\/www.swissraft.ch\/de\/#organization"},"potentialAction":[{"@type":"SearchAction","target":{"@type":"EntryPoint","urlTemplate":"https:\/\/www.swissraft.ch\/de\/?s={search_term_string}"},"query-input":{"@type":"PropertyValueSpecification","valueRequired":true,"valueName":"search_term_string"}}],"inLanguage":"de"},{"@type":"Organization","@id":"https:\/\/www.swissraft.ch\/de\/#organization","name":"Swissraft","url":"https:\/\/www.swissraft.ch\/de\/","logo":{"@type":"ImageObject","inLanguage":"de","@id":"https:\/\/www.swissraft.ch\/de\/#\/schema\/logo\/image\/","url":"https:\/\/www.swissraft.ch\/wp-content\/uploads\/2025\/09\/Capture.jpg","contentUrl":"https:\/\/www.swissraft.ch\/wp-content\/uploads\/2025\/09\/Capture.jpg","width":293,"height":108,"caption":"Swissraft"},"image":{"@id":"https:\/\/www.swissraft.ch\/de\/#\/schema\/logo\/image\/"}}]}},"_links":{"self":[{"href":"https:\/\/www.swissraft.ch\/de\/wp-json\/wp\/v2\/product\/119953","targetHints":{"allow":["GET"]}}],"collection":[{"href":"https:\/\/www.swissraft.ch\/de\/wp-json\/wp\/v2\/product"}],"about":[{"href":"https:\/\/www.swissraft.ch\/de\/wp-json\/wp\/v2\/types\/product"}],"replies":[{"embeddable":true,"href":"https:\/\/www.swissraft.ch\/de\/wp-json\/wp\/v2\/comments?post=119953"}],"version-history":[{"count":15,"href":"https:\/\/www.swissraft.ch\/de\/wp-json\/wp\/v2\/product\/119953\/revisions"}],"predecessor-version":[{"id":125399,"href":"https:\/\/www.swissraft.ch\/de\/wp-json\/wp\/v2\/product\/119953\/revisions\/125399"}],"wp:featuredmedia":[{"embeddable":true,"href":"https:\/\/www.swissraft.ch\/de\/wp-json\/wp\/v2\/media\/84910"}],"wp:attachment":[{"href":"https:\/\/www.swissraft.ch\/de\/wp-json\/wp\/v2\/media?parent=119953"}],"wp:term":[{"taxonomy":"product_cat","embeddable":true,"href":"https:\/\/www.swissraft.ch\/de\/wp-json\/wp\/v2\/product_cat?post=119953"},{"taxonomy":"product_tag","embeddable":true,"href":"https:\/\/www.swissraft.ch\/de\/wp-json\/wp\/v2\/product_tag?post=119953"}],"curies":[{"name":"wp","href":"https:\/\/api.w.org\/{rel}","templated":true}]}}