{"id":116407,"date":"2025-06-06T22:26:03","date_gmt":"2025-06-06T20:26:03","guid":{"rendered":"https:\/\/www.swissraft.ch\/?post_type=product&#038;p=116407"},"modified":"2025-12-27T17:23:37","modified_gmt":"2025-12-27T16:23:37","slug":"schulreise-wallis-easy-rafting-rhone-chippis-st-leonard","status":"publish","type":"product","link":"https:\/\/www.swissraft.ch\/de\/produkt\/schulreise-wallis-easy-rafting-rhone-chippis-st-leonard\/","title":{"rendered":"Schulreise &#8211; WALLIS &#8211; EASY RAFTING &#8211; RHONE &#8211; CHIPPIS-ST L\u00c9ONARD &#8211; CHF 78.00"},"content":{"rendered":"\t\t<div data-elementor-type=\"wp-post\" data-elementor-id=\"116407\" class=\"elementor elementor-116407 elementor-116406\">\n\t\t\t\t\t\t\t\t\t<section class=\"elementor-section elementor-top-section elementor-element elementor-element-3303a7e3 elementor-section-boxed elementor-section-height-default elementor-section-height-default\" data-id=\"3303a7e3\" data-element_type=\"section\">\n\t\t\t\t\t\t<div class=\"elementor-container elementor-column-gap-default\">\n\t\t\t\t\t<div class=\"elementor-column elementor-col-100 elementor-top-column elementor-element elementor-element-16d72dbf\" data-id=\"16d72dbf\" data-element_type=\"column\">\n\t\t\t<div class=\"elementor-widget-wrap elementor-element-populated\">\n\t\t\t\t\t\t\t\t<div class=\"elementor-element elementor-element-d743c03 elementor-widget elementor-widget-text-editor\" data-id=\"d743c03\" data-element_type=\"widget\" data-widget_type=\"text-editor.default\">\n\t\t\t\t<div class=\"elementor-widget-container\">\n\t\t\t\t\t\t\t<p>W\u00c4HLEN SIE UNTEN IHRE AKTIVIT\u00c4T AUS, UM GESCHENKGUTSCHEINE \/ TICKETS ZU VERSCHENKEN ODER ZU BUCHEN.<\/p><table border=\"0\" width=\"580\" cellspacing=\"10\" cellpadding=\"10\"><tbody><tr><td width=\"50%\"><strong>EASY RAFTING &#8211; RHONE &#8211; CHIPPIS-ST. L\u00c9ONARD + Imbiss<\/strong><\/td><td><strong>CHF 78.00 pro Sch\u00fcler<span class=\"productPrice\"><br \/><\/span><\/strong><\/td><\/tr><tr><td>Zus\u00e4tzliche Informationen<\/td><td><span class=\"patt\">&#8211; Mindestalter : 10 Jahre<br \/>&#8211; Erwachsene Begleitperson erforderlich<\/span><\/td><\/tr><tr><td>Strecke<\/td><td><strong>Chippis-St. L\u00e9onard<\/strong><\/td><\/tr><tr><td>Startzeiten<\/td><td>10:00 \/ 14:00 Uhr<\/td><\/tr><tr><td>Easy Rafting oder Fun Rafting<\/td><td>ca. 1,5 Std.<\/td><\/tr><tr><td>Gesamtdauer<\/td><td><span style=\"color: #000000;\">ca. 3 Std.<\/span><\/td><\/tr><tr><td>Treffpunkt<\/td><td><a href=\"https:\/\/www.google.com\/maps\/place\/46%C2%B017'36.8%22N+7%C2%B033'29.6%22E\/@46.2937075,7.5536625,780m\/data=!3m1!1e3!4m4!3m3!8m2!3d46.2935556!4d7.5582222?entry=ttu\" target=\"_blank\" rel=\"noopener\">Siders<\/a><\/td><\/tr><tr><td>Schwierigkeitsgrad<\/td><td>1-2<\/td><\/tr><tr><td>\u00a0<\/td><td>Um zu buchen : <a href=\"https:\/\/www.swissraft.ch\/de\/kontakt\/\">Kontaktieren Sie uns<\/a><\/td><\/tr><\/tbody><\/table>\t\t\t\t\t\t<\/div>\n\t\t\t\t<\/div>\n\t\t\t\t\t<\/div>\n\t\t<\/div>\n\t\t\t\t\t\t\t<\/div>\n\t\t<\/section>\n\t\t\t\t\t\t\t<\/div>\n\t\t","protected":false},"excerpt":{"rendered":"<div align=\"justify\">\n<h2 align=\"justify\">Easy Rafting auf der Rhone im Wallis, eine Strecke, die f\u00fcr junge Sch\u00fcler geeignet ist<\/h2>\n<h3>Fun Rafting und Nervenkitzel auf der Rhone garantiert<\/h3>\n<\/div>\n<div align=\"justify\">\n<p><strong>Easy Rafting<\/strong> auf der Rhone im Wallis! Von Chippis nach St. L\u00e9onard eine Fahrt auf der Rhone, f\u00fcr Sch\u00fcler, die diese Aktivit\u00e4t entdecken wollen : <strong>Easy Rafting<\/strong>.<\/p>\n<h3>In der Schweiz gibt es viele Fl\u00fcsse, die einen \u00e4hnlichen Verlauf wie Chippis-St. L\u00e9onard haben. <\/h3>\n<p id=\"textarea\" style=\"display: none;\">\nSwissraft bietet Ihnen auch mehrere <strong>Fun Rafting<\/strong> Strecken auf der Reuss an: Bremgarten &#8211; Mellingen sowie Mellingen &#8211; Gebenstorf, Bremgarten &#8211; Gebenstorf und Bremgarten &#8211; Gnadental. Dasselbe gilt f\u00fcr <strong>das Easy Rafting<\/strong> zwischen Gisikon und Ottenbach in den Kantonen Luzern und Z\u00fcrich. Aber auch <strong>Easy Rafting<\/strong> auf der Saane von Gstaad nach Rougemont. Easy Rafting auf der L\u00fctschine in Interlaken und Fun Rafting auf der Aare zwischen Thun und Bern. <strong>Easy Rafting<\/strong> auf dem Ticino im Tessin und auf dem Inn im Engadin in Graub\u00fcnden.<br \/>\nEntdecken Sie eine sportlichere Version des Easy Rafting. Swissraft bietet Ihnen <strong>Rafting<\/strong> oder Riverrafting, die dynamischeren Versionen einer Flussfahrt.\n<\/p>\n<p><a id=\"seeMore\" onclick=\"toggleSeeMore()\" href=\"javascript:void(0);\">Lesen Sie mehr<\/a><\/p>\n","protected":false},"featured_media":84877,"comment_status":"open","ping_status":"closed","template":"","meta":{"inline_featured_image":false,"_mi_skip_tracking":false},"product_cat":[275,634,276],"product_tag":[],"class_list":["post-116407","product","type-product","status-publish","has-post-thumbnail","hentry","product_cat-gruppen","product_cat-schulreise-easy-rafting-in-der-schweiz","product_cat-schulreise-klassenausflug"],"yoast_head":"<!-- This site is optimized with the Yoast SEO plugin v23.6 - https:\/\/yoast.com\/wordpress\/plugins\/seo\/ -->\n<title>Rhone Chippis-St. Leonard im Wallis, Schulreise<\/title>\n<meta name=\"description\" content=\"Rhone Chippis-St. Leonard, Schulstrecke, eine Flussfahrt in gem\u00e4chlichem Tempo, f\u00fcr diejenigen, die mit der Familie das Fun Rafting entdecken wollen.\" \/>\n<meta name=\"robots\" content=\"index, follow, max-snippet:-1, max-image-preview:large, max-video-preview:-1\" \/>\n<link rel=\"canonical\" href=\"https:\/\/www.swissraft.ch\/de\/produkt\/schulreise-wallis-easy-rafting-rhone-chippis-st-leonard\/\" \/>\n<meta property=\"og:locale\" content=\"de_DE\" \/>\n<meta property=\"og:type\" content=\"article\" \/>\n<meta property=\"og:title\" content=\"Rhone Chippis-St. Leonard im Wallis, Schulreise\" \/>\n<meta property=\"og:description\" content=\"Rhone Chippis-St. Leonard, Schulstrecke, eine Flussfahrt in gem\u00e4chlichem Tempo, f\u00fcr diejenigen, die mit der Familie das Fun Rafting entdecken wollen.\" \/>\n<meta property=\"og:url\" content=\"https:\/\/www.swissraft.ch\/de\/produkt\/schulreise-wallis-easy-rafting-rhone-chippis-st-leonard\/\" \/>\n<meta property=\"og:site_name\" content=\"Swissraft\" \/>\n<meta property=\"article:modified_time\" content=\"2025-12-27T16:23:37+00:00\" \/>\n<meta property=\"og:image\" content=\"https:\/\/www.swissraft.ch\/wp-content\/uploads\/2023\/02\/1-1-Easy-Rafting-Rhone-776x776-1.jpg\" \/>\n\t<meta property=\"og:image:width\" content=\"776\" \/>\n\t<meta property=\"og:image:height\" content=\"776\" \/>\n\t<meta property=\"og:image:type\" content=\"image\/jpeg\" \/>\n<meta name=\"twitter:card\" content=\"summary_large_image\" \/>\n<meta name=\"twitter:label1\" content=\"Gesch\u00e4tzte Lesezeit\" \/>\n\t<meta name=\"twitter:data1\" content=\"1\u00a0Minute\" \/>\n<script type=\"application\/ld+json\" class=\"yoast-schema-graph\">{\"@context\":\"https:\/\/schema.org\",\"@graph\":[{\"@type\":\"WebPage\",\"@id\":\"https:\/\/www.swissraft.ch\/de\/produkt\/schulreise-wallis-easy-rafting-rhone-chippis-st-leonard\/\",\"url\":\"https:\/\/www.swissraft.ch\/de\/produkt\/schulreise-wallis-easy-rafting-rhone-chippis-st-leonard\/\",\"name\":\"Rhone Chippis-St. Leonard im Wallis, Schulreise\",\"isPartOf\":{\"@id\":\"https:\/\/www.swissraft.ch\/de\/#website\"},\"primaryImageOfPage\":{\"@id\":\"https:\/\/www.swissraft.ch\/de\/produkt\/schulreise-wallis-easy-rafting-rhone-chippis-st-leonard\/#primaryimage\"},\"image\":{\"@id\":\"https:\/\/www.swissraft.ch\/de\/produkt\/schulreise-wallis-easy-rafting-rhone-chippis-st-leonard\/#primaryimage\"},\"thumbnailUrl\":\"https:\/\/www.swissraft.ch\/wp-content\/uploads\/2023\/02\/1-1-Easy-Rafting-Rhone-776x776-1.jpg\",\"datePublished\":\"2025-06-06T20:26:03+00:00\",\"dateModified\":\"2025-12-27T16:23:37+00:00\",\"description\":\"Rhone Chippis-St. Leonard, Schulstrecke, eine Flussfahrt in gem\u00e4chlichem Tempo, f\u00fcr diejenigen, die mit der Familie das Fun Rafting entdecken wollen.\",\"breadcrumb\":{\"@id\":\"https:\/\/www.swissraft.ch\/de\/produkt\/schulreise-wallis-easy-rafting-rhone-chippis-st-leonard\/#breadcrumb\"},\"inLanguage\":\"de\",\"potentialAction\":[{\"@type\":\"ReadAction\",\"target\":[\"https:\/\/www.swissraft.ch\/de\/produkt\/schulreise-wallis-easy-rafting-rhone-chippis-st-leonard\/\"]}]},{\"@type\":\"ImageObject\",\"inLanguage\":\"de\",\"@id\":\"https:\/\/www.swissraft.ch\/de\/produkt\/schulreise-wallis-easy-rafting-rhone-chippis-st-leonard\/#primaryimage\",\"url\":\"https:\/\/www.swissraft.ch\/wp-content\/uploads\/2023\/02\/1-1-Easy-Rafting-Rhone-776x776-1.jpg\",\"contentUrl\":\"https:\/\/www.swissraft.ch\/wp-content\/uploads\/2023\/02\/1-1-Easy-Rafting-Rhone-776x776-1.jpg\",\"width\":776,\"height\":776,\"caption\":\"Schulweg Chippis-St.L\u00e9onard\"},{\"@type\":\"BreadcrumbList\",\"@id\":\"https:\/\/www.swissraft.ch\/de\/produkt\/schulreise-wallis-easy-rafting-rhone-chippis-st-leonard\/#breadcrumb\",\"itemListElement\":[{\"@type\":\"ListItem\",\"position\":1,\"name\":\"Accueil\",\"item\":\"https:\/\/www.swissraft.ch\/de\/\"},{\"@type\":\"ListItem\",\"position\":2,\"name\":\"Shop\",\"item\":\"https:\/\/www.swissraft.ch\/de\/shop\/\"},{\"@type\":\"ListItem\",\"position\":3,\"name\":\"Schulreise &#8211; WALLIS &#8211; EASY RAFTING &#8211; RHONE &#8211; CHIPPIS-ST L\u00c9ONARD &#8211; CHF 78.00\"}]},{\"@type\":\"WebSite\",\"@id\":\"https:\/\/www.swissraft.ch\/de\/#website\",\"url\":\"https:\/\/www.swissraft.ch\/de\/\",\"name\":\"Swissraft\",\"description\":\"To enjoy nature as it is\",\"publisher\":{\"@id\":\"https:\/\/www.swissraft.ch\/de\/#organization\"},\"potentialAction\":[{\"@type\":\"SearchAction\",\"target\":{\"@type\":\"EntryPoint\",\"urlTemplate\":\"https:\/\/www.swissraft.ch\/de\/?s={search_term_string}\"},\"query-input\":{\"@type\":\"PropertyValueSpecification\",\"valueRequired\":true,\"valueName\":\"search_term_string\"}}],\"inLanguage\":\"de\"},{\"@type\":\"Organization\",\"@id\":\"https:\/\/www.swissraft.ch\/de\/#organization\",\"name\":\"Swissraft\",\"url\":\"https:\/\/www.swissraft.ch\/de\/\",\"logo\":{\"@type\":\"ImageObject\",\"inLanguage\":\"de\",\"@id\":\"https:\/\/www.swissraft.ch\/de\/#\/schema\/logo\/image\/\",\"url\":\"https:\/\/www.swissraft.ch\/wp-content\/uploads\/2025\/09\/Capture.jpg\",\"contentUrl\":\"https:\/\/www.swissraft.ch\/wp-content\/uploads\/2025\/09\/Capture.jpg\",\"width\":293,\"height\":108,\"caption\":\"Swissraft\"},\"image\":{\"@id\":\"https:\/\/www.swissraft.ch\/de\/#\/schema\/logo\/image\/\"}}]}<\/script>\n<!-- \/ Yoast SEO plugin. -->","yoast_head_json":{"title":"Rhone Chippis-St. Leonard im Wallis, Schulreise","description":"Rhone Chippis-St. Leonard, Schulstrecke, eine Flussfahrt in gem\u00e4chlichem Tempo, f\u00fcr diejenigen, die mit der Familie das Fun Rafting entdecken wollen.","robots":{"index":"index","follow":"follow","max-snippet":"max-snippet:-1","max-image-preview":"max-image-preview:large","max-video-preview":"max-video-preview:-1"},"canonical":"https:\/\/www.swissraft.ch\/de\/produkt\/schulreise-wallis-easy-rafting-rhone-chippis-st-leonard\/","og_locale":"de_DE","og_type":"article","og_title":"Rhone Chippis-St. Leonard im Wallis, Schulreise","og_description":"Rhone Chippis-St. Leonard, Schulstrecke, eine Flussfahrt in gem\u00e4chlichem Tempo, f\u00fcr diejenigen, die mit der Familie das Fun Rafting entdecken wollen.","og_url":"https:\/\/www.swissraft.ch\/de\/produkt\/schulreise-wallis-easy-rafting-rhone-chippis-st-leonard\/","og_site_name":"Swissraft","article_modified_time":"2025-12-27T16:23:37+00:00","og_image":[{"width":776,"height":776,"url":"https:\/\/www.swissraft.ch\/wp-content\/uploads\/2023\/02\/1-1-Easy-Rafting-Rhone-776x776-1.jpg","type":"image\/jpeg"}],"twitter_card":"summary_large_image","twitter_misc":{"Gesch\u00e4tzte Lesezeit":"1\u00a0Minute"},"schema":{"@context":"https:\/\/schema.org","@graph":[{"@type":"WebPage","@id":"https:\/\/www.swissraft.ch\/de\/produkt\/schulreise-wallis-easy-rafting-rhone-chippis-st-leonard\/","url":"https:\/\/www.swissraft.ch\/de\/produkt\/schulreise-wallis-easy-rafting-rhone-chippis-st-leonard\/","name":"Rhone Chippis-St. Leonard im Wallis, Schulreise","isPartOf":{"@id":"https:\/\/www.swissraft.ch\/de\/#website"},"primaryImageOfPage":{"@id":"https:\/\/www.swissraft.ch\/de\/produkt\/schulreise-wallis-easy-rafting-rhone-chippis-st-leonard\/#primaryimage"},"image":{"@id":"https:\/\/www.swissraft.ch\/de\/produkt\/schulreise-wallis-easy-rafting-rhone-chippis-st-leonard\/#primaryimage"},"thumbnailUrl":"https:\/\/www.swissraft.ch\/wp-content\/uploads\/2023\/02\/1-1-Easy-Rafting-Rhone-776x776-1.jpg","datePublished":"2025-06-06T20:26:03+00:00","dateModified":"2025-12-27T16:23:37+00:00","description":"Rhone Chippis-St. Leonard, Schulstrecke, eine Flussfahrt in gem\u00e4chlichem Tempo, f\u00fcr diejenigen, die mit der Familie das Fun Rafting entdecken wollen.","breadcrumb":{"@id":"https:\/\/www.swissraft.ch\/de\/produkt\/schulreise-wallis-easy-rafting-rhone-chippis-st-leonard\/#breadcrumb"},"inLanguage":"de","potentialAction":[{"@type":"ReadAction","target":["https:\/\/www.swissraft.ch\/de\/produkt\/schulreise-wallis-easy-rafting-rhone-chippis-st-leonard\/"]}]},{"@type":"ImageObject","inLanguage":"de","@id":"https:\/\/www.swissraft.ch\/de\/produkt\/schulreise-wallis-easy-rafting-rhone-chippis-st-leonard\/#primaryimage","url":"https:\/\/www.swissraft.ch\/wp-content\/uploads\/2023\/02\/1-1-Easy-Rafting-Rhone-776x776-1.jpg","contentUrl":"https:\/\/www.swissraft.ch\/wp-content\/uploads\/2023\/02\/1-1-Easy-Rafting-Rhone-776x776-1.jpg","width":776,"height":776,"caption":"Schulweg Chippis-St.L\u00e9onard"},{"@type":"BreadcrumbList","@id":"https:\/\/www.swissraft.ch\/de\/produkt\/schulreise-wallis-easy-rafting-rhone-chippis-st-leonard\/#breadcrumb","itemListElement":[{"@type":"ListItem","position":1,"name":"Accueil","item":"https:\/\/www.swissraft.ch\/de\/"},{"@type":"ListItem","position":2,"name":"Shop","item":"https:\/\/www.swissraft.ch\/de\/shop\/"},{"@type":"ListItem","position":3,"name":"Schulreise &#8211; WALLIS &#8211; EASY RAFTING &#8211; RHONE &#8211; CHIPPIS-ST L\u00c9ONARD &#8211; CHF 78.00"}]},{"@type":"WebSite","@id":"https:\/\/www.swissraft.ch\/de\/#website","url":"https:\/\/www.swissraft.ch\/de\/","name":"Swissraft","description":"To enjoy nature as it is","publisher":{"@id":"https:\/\/www.swissraft.ch\/de\/#organization"},"potentialAction":[{"@type":"SearchAction","target":{"@type":"EntryPoint","urlTemplate":"https:\/\/www.swissraft.ch\/de\/?s={search_term_string}"},"query-input":{"@type":"PropertyValueSpecification","valueRequired":true,"valueName":"search_term_string"}}],"inLanguage":"de"},{"@type":"Organization","@id":"https:\/\/www.swissraft.ch\/de\/#organization","name":"Swissraft","url":"https:\/\/www.swissraft.ch\/de\/","logo":{"@type":"ImageObject","inLanguage":"de","@id":"https:\/\/www.swissraft.ch\/de\/#\/schema\/logo\/image\/","url":"https:\/\/www.swissraft.ch\/wp-content\/uploads\/2025\/09\/Capture.jpg","contentUrl":"https:\/\/www.swissraft.ch\/wp-content\/uploads\/2025\/09\/Capture.jpg","width":293,"height":108,"caption":"Swissraft"},"image":{"@id":"https:\/\/www.swissraft.ch\/de\/#\/schema\/logo\/image\/"}}]}},"_links":{"self":[{"href":"https:\/\/www.swissraft.ch\/de\/wp-json\/wp\/v2\/product\/116407","targetHints":{"allow":["GET"]}}],"collection":[{"href":"https:\/\/www.swissraft.ch\/de\/wp-json\/wp\/v2\/product"}],"about":[{"href":"https:\/\/www.swissraft.ch\/de\/wp-json\/wp\/v2\/types\/product"}],"replies":[{"embeddable":true,"href":"https:\/\/www.swissraft.ch\/de\/wp-json\/wp\/v2\/comments?post=116407"}],"version-history":[{"count":34,"href":"https:\/\/www.swissraft.ch\/de\/wp-json\/wp\/v2\/product\/116407\/revisions"}],"predecessor-version":[{"id":125361,"href":"https:\/\/www.swissraft.ch\/de\/wp-json\/wp\/v2\/product\/116407\/revisions\/125361"}],"wp:featuredmedia":[{"embeddable":true,"href":"https:\/\/www.swissraft.ch\/de\/wp-json\/wp\/v2\/media\/84877"}],"wp:attachment":[{"href":"https:\/\/www.swissraft.ch\/de\/wp-json\/wp\/v2\/media?parent=116407"}],"wp:term":[{"taxonomy":"product_cat","embeddable":true,"href":"https:\/\/www.swissraft.ch\/de\/wp-json\/wp\/v2\/product_cat?post=116407"},{"taxonomy":"product_tag","embeddable":true,"href":"https:\/\/www.swissraft.ch\/de\/wp-json\/wp\/v2\/product_tag?post=116407"}],"curies":[{"name":"wp","href":"https:\/\/api.w.org\/{rel}","templated":true}]}}