{"id":115251,"date":"2025-05-25T17:37:43","date_gmt":"2025-05-25T15:37:43","guid":{"rendered":"https:\/\/www.swissraft.ch\/?post_type=product&#038;p=115251"},"modified":"2025-12-27T17:16:53","modified_gmt":"2025-12-27T16:16:53","slug":"schulreise-easy-rafing-interlaken-lutschine-lutschental-bonigen","status":"publish","type":"product","link":"https:\/\/www.swissraft.ch\/de\/produkt\/schulreise-easy-rafing-interlaken-lutschine-lutschental-bonigen\/","title":{"rendered":"Schulreise &#8211; INTERLAKEN &#8211; EASY RAFTING &#8211; DIE L\u00dcTSCHINE &#8211; WILDERSWIL-B\u00d6NIGEN &#8211; CHF 79.00"},"content":{"rendered":"\t\t<div data-elementor-type=\"wp-post\" data-elementor-id=\"115251\" class=\"elementor elementor-115251 elementor-115250\">\n\t\t\t\t\t\t\t\t\t<section class=\"elementor-section elementor-top-section elementor-element elementor-element-3303a7e3 elementor-section-boxed elementor-section-height-default elementor-section-height-default\" data-id=\"3303a7e3\" data-element_type=\"section\">\n\t\t\t\t\t\t<div class=\"elementor-container elementor-column-gap-default\">\n\t\t\t\t\t<div class=\"elementor-column elementor-col-100 elementor-top-column elementor-element elementor-element-16d72dbf\" data-id=\"16d72dbf\" data-element_type=\"column\">\n\t\t\t<div class=\"elementor-widget-wrap elementor-element-populated\">\n\t\t\t\t\t\t\t\t<div class=\"elementor-element elementor-element-d743c03 elementor-widget elementor-widget-text-editor\" data-id=\"d743c03\" data-element_type=\"widget\" data-widget_type=\"text-editor.default\">\n\t\t\t\t<div class=\"elementor-widget-container\">\n\t\t\t\t\t\t\t<h2>W\u00c4HLEN SIE UNTEN IHRE AKTIVIT\u00c4T AUS, UM GESCHENKGUTSCHEINE \/ TICKETS ZU VERSCHENKEN ODER ZU BUCHEN.<\/h2><table border=\"0\" width=\"580\" cellspacing=\"10\" cellpadding=\"10\"><tbody><tr><td width=\"50%\"><strong>SCHULREISE &#8211; L\u00dcTSCHINE &#8211; EASY RAFTING + Getr\u00e4nk<\/strong><\/td><td><strong>CHF 79.00 pro Sch\u00fcler<span class=\"productPrice\"><br \/><\/span><\/strong><\/td><\/tr><tr><td>Zus\u00e4tzliche Informationen<\/td><td><span class=\"patt\">&#8211;<span class=\"plbl\"> Mindestalter <\/span>: 10 Jahre<br \/>&#8211; Erwachsene Begleitperson erforderlich<\/span><\/td><\/tr><tr><td>\u00a0<\/td><td><strong>Wilderswil-B\u00f6nigen<\/strong><\/td><\/tr><tr><td>Startzeiten<\/td><td>10:00 Uhr \/ 14:00 Uhr<\/td><\/tr><tr><td>Easy Rafting oder Fun Rafting<\/td><td>ca. 1 Std.<\/td><\/tr><tr><td>Gesamtdauer<\/td><td>ca. 2,5 Std.<\/td><\/tr><tr><td>Treffpunkt<\/td><td><a href=\"https:\/\/www.google.com\/maps\/place\/46%C2%B041'19.3%22N+7%C2%B053'48.0%22E\/@46.6887175,7.8958869,137m\/data=!3m1!1e3!4m4!3m3!8m2!3d46.6886944!4d7.8966667?entry=ttu&amp;g_ep=EgoyMDI1MDExNS4wIKXMDSoASAFQAw%3D%3D\" target=\"_blank\" rel=\"noopener\">Parkplatz hinter dem H\u00f4tel du Lac<\/a><\/td><\/tr><tr><td>Schwierigkeitsgrad<\/td><td>1-2<\/td><\/tr><tr><td>\u00a0<\/td><td>Um zu buchen : <a href=\"https:\/\/www.swissraft.ch\/de\/kontakt\/\">Kontaktieren Sie uns<\/a><\/td><\/tr><\/tbody><\/table>\t\t\t\t\t\t<\/div>\n\t\t\t\t<\/div>\n\t\t\t\t<div class=\"elementor-element elementor-element-b04b120 elementor-widget elementor-widget-text-editor\" data-id=\"b04b120\" data-element_type=\"widget\" data-widget_type=\"text-editor.default\">\n\t\t\t\t<div class=\"elementor-widget-container\">\n\t\t\t\t\t\t\t\t\t\t\t\t\t<\/div>\n\t\t\t\t<\/div>\n\t\t\t\t\t<\/div>\n\t\t<\/div>\n\t\t\t\t\t\t\t<\/div>\n\t\t<\/section>\n\t\t\t\t\t\t\t<\/div>\n\t\t","protected":false},"excerpt":{"rendered":"<div align=\"justify\">\n<h2 align=\"justify\">Rafting auf der L\u00fctschine in der N\u00e4he von Interlaken im Berner Oberland<\/h2>\n<h3>Action und Adrenalin pur sind garantiert. Das Rafting auf der L\u00fctschine ist relativ kurz, aber intensiv.<\/h3>\n<\/div>\n<div align=\"justify\">\n<p>Rafting auf der L\u00fctschine von L\u00fctschental nach B\u00f6nigen. Die L\u00fctschine liegt am Fu\u00dfe des Eigers und bietet eine ideale Raftingstrecke. Au\u00dferdem werden alle, die Action lieben, auf ihre Kosten kommen.<\/p>\n<h3>Neben der L\u00fctschine bieten wir noch viele andere Riverrafting-Optionen in der Schweiz und im benachbarten Frankreich an.<\/h3>\n<p id=\"textarea\" style=\"display: none;\">\nEbenfalls im Berner Oberland fahren wir auf der Simme im Simmental zwischen Boltigen und D\u00e4rstetten. Au\u00dferdem <strong>Rafting<\/strong> auf der wilden Rhone zwischen Sousten und Siders. Ebenso <strong>Riverrafting<\/strong> auf der Dranse de Bagnes zwischen Voll\u00e8ges und Sembrancher. Rafting auf der Vispa von Stalden nach Visp, einem Fluss im Oberwallis. Au\u00dferdem bieten wir <strong>Rafting<\/strong> auf der Saane zwischen Saanen und Ch\u00e2teau d&#8217;Oex im Kanton Waadt an. Au\u00dferdem bieten wir <strong>Riverrafting<\/strong> in der N\u00e4he von Genf auf der Dranse in Hochsavoyen bei Thonon-les-Bains an. Aber auch in Savoyen auf den beiden ber\u00fchmtesten Fl\u00fcssen : der Is\u00e8re und dem Doron de Bozel. Rafting in Graub\u00fcnden mit dem ber\u00fchmten Grand Canyon. <a href=\"\/product\/rafting-sur-le-rhin-grisons-ilanz-reichenau\/\" target=\"_blank\" rel=\"noopener\"><strong>Swiss Grand Canyon<\/strong><\/a> zwischen Ilanz und Reichenau.\n<\/p>\n<p><a id=\"seeMore\" onclick=\"toggleSeeMore()\" href=\"javascript:void(0);\">Lesen Sie mehr<\/a><\/p>\n","protected":false},"featured_media":84751,"comment_status":"open","ping_status":"closed","template":"","meta":{"inline_featured_image":false,"_mi_skip_tracking":false},"product_cat":[275,634,276],"product_tag":[],"class_list":["post-115251","product","type-product","status-publish","has-post-thumbnail","hentry","product_cat-gruppen","product_cat-schulreise-easy-rafting-in-der-schweiz","product_cat-schulreise-klassenausflug"],"yoast_head":"<!-- This site is optimized with the Yoast SEO plugin v23.6 - https:\/\/yoast.com\/wordpress\/plugins\/seo\/ -->\n<title>Schulreise Easy rafting L\u00fctschine in B\u00f6nigen am Fu\u00dfe des Eigers<\/title>\n<meta name=\"description\" content=\"Schulreise Easy rafting L\u00fctschine in B\u00f6nigen. Am Fu\u00dfe des Eigers gelegen, ist die L\u00fctschine ein Fluss voller Action f\u00fcr motivierte Teilnehmer.\" \/>\n<meta name=\"robots\" content=\"index, follow, max-snippet:-1, max-image-preview:large, max-video-preview:-1\" \/>\n<link rel=\"canonical\" href=\"https:\/\/www.swissraft.ch\/de\/produkt\/schulreise-easy-rafing-interlaken-lutschine-lutschental-bonigen\/\" \/>\n<meta property=\"og:locale\" content=\"de_DE\" \/>\n<meta property=\"og:type\" content=\"article\" \/>\n<meta property=\"og:title\" content=\"Schulreise Easy rafting L\u00fctschine in B\u00f6nigen am Fu\u00dfe des Eigers\" \/>\n<meta property=\"og:description\" content=\"Schulreise Easy rafting L\u00fctschine in B\u00f6nigen. Am Fu\u00dfe des Eigers gelegen, ist die L\u00fctschine ein Fluss voller Action f\u00fcr motivierte Teilnehmer.\" \/>\n<meta property=\"og:url\" content=\"https:\/\/www.swissraft.ch\/de\/produkt\/schulreise-easy-rafing-interlaken-lutschine-lutschental-bonigen\/\" \/>\n<meta property=\"og:site_name\" content=\"Swissraft\" \/>\n<meta property=\"article:modified_time\" content=\"2025-12-27T16:16:53+00:00\" \/>\n<meta property=\"og:image\" content=\"https:\/\/www.swissraft.ch\/wp-content\/uploads\/2023\/02\/1-Lutschine-776x776-1.png\" \/>\n\t<meta property=\"og:image:width\" content=\"776\" \/>\n\t<meta property=\"og:image:height\" content=\"776\" \/>\n\t<meta property=\"og:image:type\" content=\"image\/png\" \/>\n<meta name=\"twitter:card\" content=\"summary_large_image\" \/>\n<meta name=\"twitter:label1\" content=\"Gesch\u00e4tzte Lesezeit\" \/>\n\t<meta name=\"twitter:data1\" content=\"1\u00a0Minute\" \/>\n<script type=\"application\/ld+json\" class=\"yoast-schema-graph\">{\"@context\":\"https:\/\/schema.org\",\"@graph\":[{\"@type\":\"WebPage\",\"@id\":\"https:\/\/www.swissraft.ch\/de\/produkt\/schulreise-easy-rafing-interlaken-lutschine-lutschental-bonigen\/\",\"url\":\"https:\/\/www.swissraft.ch\/de\/produkt\/schulreise-easy-rafing-interlaken-lutschine-lutschental-bonigen\/\",\"name\":\"Schulreise Easy rafting L\u00fctschine in B\u00f6nigen am Fu\u00dfe des Eigers\",\"isPartOf\":{\"@id\":\"https:\/\/www.swissraft.ch\/de\/#website\"},\"primaryImageOfPage\":{\"@id\":\"https:\/\/www.swissraft.ch\/de\/produkt\/schulreise-easy-rafing-interlaken-lutschine-lutschental-bonigen\/#primaryimage\"},\"image\":{\"@id\":\"https:\/\/www.swissraft.ch\/de\/produkt\/schulreise-easy-rafing-interlaken-lutschine-lutschental-bonigen\/#primaryimage\"},\"thumbnailUrl\":\"https:\/\/www.swissraft.ch\/wp-content\/uploads\/2023\/02\/1-Lutschine-776x776-1.png\",\"datePublished\":\"2025-05-25T15:37:43+00:00\",\"dateModified\":\"2025-12-27T16:16:53+00:00\",\"description\":\"Schulreise Easy rafting L\u00fctschine in B\u00f6nigen. Am Fu\u00dfe des Eigers gelegen, ist die L\u00fctschine ein Fluss voller Action f\u00fcr motivierte Teilnehmer.\",\"breadcrumb\":{\"@id\":\"https:\/\/www.swissraft.ch\/de\/produkt\/schulreise-easy-rafing-interlaken-lutschine-lutschental-bonigen\/#breadcrumb\"},\"inLanguage\":\"de\",\"potentialAction\":[{\"@type\":\"ReadAction\",\"target\":[\"https:\/\/www.swissraft.ch\/de\/produkt\/schulreise-easy-rafing-interlaken-lutschine-lutschental-bonigen\/\"]}]},{\"@type\":\"ImageObject\",\"inLanguage\":\"de\",\"@id\":\"https:\/\/www.swissraft.ch\/de\/produkt\/schulreise-easy-rafing-interlaken-lutschine-lutschental-bonigen\/#primaryimage\",\"url\":\"https:\/\/www.swissraft.ch\/wp-content\/uploads\/2023\/02\/1-Lutschine-776x776-1.png\",\"contentUrl\":\"https:\/\/www.swissraft.ch\/wp-content\/uploads\/2023\/02\/1-Lutschine-776x776-1.png\",\"width\":776,\"height\":776,\"caption\":\"Rafting River Raffting Luetschine\"},{\"@type\":\"BreadcrumbList\",\"@id\":\"https:\/\/www.swissraft.ch\/de\/produkt\/schulreise-easy-rafing-interlaken-lutschine-lutschental-bonigen\/#breadcrumb\",\"itemListElement\":[{\"@type\":\"ListItem\",\"position\":1,\"name\":\"Accueil\",\"item\":\"https:\/\/www.swissraft.ch\/de\/\"},{\"@type\":\"ListItem\",\"position\":2,\"name\":\"Shop\",\"item\":\"https:\/\/www.swissraft.ch\/de\/shop\/\"},{\"@type\":\"ListItem\",\"position\":3,\"name\":\"Schulreise &#8211; INTERLAKEN &#8211; EASY RAFTING &#8211; DIE L\u00dcTSCHINE &#8211; WILDERSWIL-B\u00d6NIGEN &#8211; CHF 79.00\"}]},{\"@type\":\"WebSite\",\"@id\":\"https:\/\/www.swissraft.ch\/de\/#website\",\"url\":\"https:\/\/www.swissraft.ch\/de\/\",\"name\":\"Swissraft\",\"description\":\"To enjoy nature as it is\",\"publisher\":{\"@id\":\"https:\/\/www.swissraft.ch\/de\/#organization\"},\"potentialAction\":[{\"@type\":\"SearchAction\",\"target\":{\"@type\":\"EntryPoint\",\"urlTemplate\":\"https:\/\/www.swissraft.ch\/de\/?s={search_term_string}\"},\"query-input\":{\"@type\":\"PropertyValueSpecification\",\"valueRequired\":true,\"valueName\":\"search_term_string\"}}],\"inLanguage\":\"de\"},{\"@type\":\"Organization\",\"@id\":\"https:\/\/www.swissraft.ch\/de\/#organization\",\"name\":\"Swissraft\",\"url\":\"https:\/\/www.swissraft.ch\/de\/\",\"logo\":{\"@type\":\"ImageObject\",\"inLanguage\":\"de\",\"@id\":\"https:\/\/www.swissraft.ch\/de\/#\/schema\/logo\/image\/\",\"url\":\"https:\/\/www.swissraft.ch\/wp-content\/uploads\/2025\/09\/Capture.jpg\",\"contentUrl\":\"https:\/\/www.swissraft.ch\/wp-content\/uploads\/2025\/09\/Capture.jpg\",\"width\":293,\"height\":108,\"caption\":\"Swissraft\"},\"image\":{\"@id\":\"https:\/\/www.swissraft.ch\/de\/#\/schema\/logo\/image\/\"}}]}<\/script>\n<!-- \/ Yoast SEO plugin. -->","yoast_head_json":{"title":"Schulreise Easy rafting L\u00fctschine in B\u00f6nigen am Fu\u00dfe des Eigers","description":"Schulreise Easy rafting L\u00fctschine in B\u00f6nigen. Am Fu\u00dfe des Eigers gelegen, ist die L\u00fctschine ein Fluss voller Action f\u00fcr motivierte Teilnehmer.","robots":{"index":"index","follow":"follow","max-snippet":"max-snippet:-1","max-image-preview":"max-image-preview:large","max-video-preview":"max-video-preview:-1"},"canonical":"https:\/\/www.swissraft.ch\/de\/produkt\/schulreise-easy-rafing-interlaken-lutschine-lutschental-bonigen\/","og_locale":"de_DE","og_type":"article","og_title":"Schulreise Easy rafting L\u00fctschine in B\u00f6nigen am Fu\u00dfe des Eigers","og_description":"Schulreise Easy rafting L\u00fctschine in B\u00f6nigen. Am Fu\u00dfe des Eigers gelegen, ist die L\u00fctschine ein Fluss voller Action f\u00fcr motivierte Teilnehmer.","og_url":"https:\/\/www.swissraft.ch\/de\/produkt\/schulreise-easy-rafing-interlaken-lutschine-lutschental-bonigen\/","og_site_name":"Swissraft","article_modified_time":"2025-12-27T16:16:53+00:00","og_image":[{"width":776,"height":776,"url":"https:\/\/www.swissraft.ch\/wp-content\/uploads\/2023\/02\/1-Lutschine-776x776-1.png","type":"image\/png"}],"twitter_card":"summary_large_image","twitter_misc":{"Gesch\u00e4tzte Lesezeit":"1\u00a0Minute"},"schema":{"@context":"https:\/\/schema.org","@graph":[{"@type":"WebPage","@id":"https:\/\/www.swissraft.ch\/de\/produkt\/schulreise-easy-rafing-interlaken-lutschine-lutschental-bonigen\/","url":"https:\/\/www.swissraft.ch\/de\/produkt\/schulreise-easy-rafing-interlaken-lutschine-lutschental-bonigen\/","name":"Schulreise Easy rafting L\u00fctschine in B\u00f6nigen am Fu\u00dfe des Eigers","isPartOf":{"@id":"https:\/\/www.swissraft.ch\/de\/#website"},"primaryImageOfPage":{"@id":"https:\/\/www.swissraft.ch\/de\/produkt\/schulreise-easy-rafing-interlaken-lutschine-lutschental-bonigen\/#primaryimage"},"image":{"@id":"https:\/\/www.swissraft.ch\/de\/produkt\/schulreise-easy-rafing-interlaken-lutschine-lutschental-bonigen\/#primaryimage"},"thumbnailUrl":"https:\/\/www.swissraft.ch\/wp-content\/uploads\/2023\/02\/1-Lutschine-776x776-1.png","datePublished":"2025-05-25T15:37:43+00:00","dateModified":"2025-12-27T16:16:53+00:00","description":"Schulreise Easy rafting L\u00fctschine in B\u00f6nigen. Am Fu\u00dfe des Eigers gelegen, ist die L\u00fctschine ein Fluss voller Action f\u00fcr motivierte Teilnehmer.","breadcrumb":{"@id":"https:\/\/www.swissraft.ch\/de\/produkt\/schulreise-easy-rafing-interlaken-lutschine-lutschental-bonigen\/#breadcrumb"},"inLanguage":"de","potentialAction":[{"@type":"ReadAction","target":["https:\/\/www.swissraft.ch\/de\/produkt\/schulreise-easy-rafing-interlaken-lutschine-lutschental-bonigen\/"]}]},{"@type":"ImageObject","inLanguage":"de","@id":"https:\/\/www.swissraft.ch\/de\/produkt\/schulreise-easy-rafing-interlaken-lutschine-lutschental-bonigen\/#primaryimage","url":"https:\/\/www.swissraft.ch\/wp-content\/uploads\/2023\/02\/1-Lutschine-776x776-1.png","contentUrl":"https:\/\/www.swissraft.ch\/wp-content\/uploads\/2023\/02\/1-Lutschine-776x776-1.png","width":776,"height":776,"caption":"Rafting River Raffting Luetschine"},{"@type":"BreadcrumbList","@id":"https:\/\/www.swissraft.ch\/de\/produkt\/schulreise-easy-rafing-interlaken-lutschine-lutschental-bonigen\/#breadcrumb","itemListElement":[{"@type":"ListItem","position":1,"name":"Accueil","item":"https:\/\/www.swissraft.ch\/de\/"},{"@type":"ListItem","position":2,"name":"Shop","item":"https:\/\/www.swissraft.ch\/de\/shop\/"},{"@type":"ListItem","position":3,"name":"Schulreise &#8211; INTERLAKEN &#8211; EASY RAFTING &#8211; DIE L\u00dcTSCHINE &#8211; WILDERSWIL-B\u00d6NIGEN &#8211; CHF 79.00"}]},{"@type":"WebSite","@id":"https:\/\/www.swissraft.ch\/de\/#website","url":"https:\/\/www.swissraft.ch\/de\/","name":"Swissraft","description":"To enjoy nature as it is","publisher":{"@id":"https:\/\/www.swissraft.ch\/de\/#organization"},"potentialAction":[{"@type":"SearchAction","target":{"@type":"EntryPoint","urlTemplate":"https:\/\/www.swissraft.ch\/de\/?s={search_term_string}"},"query-input":{"@type":"PropertyValueSpecification","valueRequired":true,"valueName":"search_term_string"}}],"inLanguage":"de"},{"@type":"Organization","@id":"https:\/\/www.swissraft.ch\/de\/#organization","name":"Swissraft","url":"https:\/\/www.swissraft.ch\/de\/","logo":{"@type":"ImageObject","inLanguage":"de","@id":"https:\/\/www.swissraft.ch\/de\/#\/schema\/logo\/image\/","url":"https:\/\/www.swissraft.ch\/wp-content\/uploads\/2025\/09\/Capture.jpg","contentUrl":"https:\/\/www.swissraft.ch\/wp-content\/uploads\/2025\/09\/Capture.jpg","width":293,"height":108,"caption":"Swissraft"},"image":{"@id":"https:\/\/www.swissraft.ch\/de\/#\/schema\/logo\/image\/"}}]}},"_links":{"self":[{"href":"https:\/\/www.swissraft.ch\/de\/wp-json\/wp\/v2\/product\/115251","targetHints":{"allow":["GET"]}}],"collection":[{"href":"https:\/\/www.swissraft.ch\/de\/wp-json\/wp\/v2\/product"}],"about":[{"href":"https:\/\/www.swissraft.ch\/de\/wp-json\/wp\/v2\/types\/product"}],"replies":[{"embeddable":true,"href":"https:\/\/www.swissraft.ch\/de\/wp-json\/wp\/v2\/comments?post=115251"}],"version-history":[{"count":28,"href":"https:\/\/www.swissraft.ch\/de\/wp-json\/wp\/v2\/product\/115251\/revisions"}],"predecessor-version":[{"id":125343,"href":"https:\/\/www.swissraft.ch\/de\/wp-json\/wp\/v2\/product\/115251\/revisions\/125343"}],"wp:featuredmedia":[{"embeddable":true,"href":"https:\/\/www.swissraft.ch\/de\/wp-json\/wp\/v2\/media\/84751"}],"wp:attachment":[{"href":"https:\/\/www.swissraft.ch\/de\/wp-json\/wp\/v2\/media?parent=115251"}],"wp:term":[{"taxonomy":"product_cat","embeddable":true,"href":"https:\/\/www.swissraft.ch\/de\/wp-json\/wp\/v2\/product_cat?post=115251"},{"taxonomy":"product_tag","embeddable":true,"href":"https:\/\/www.swissraft.ch\/de\/wp-json\/wp\/v2\/product_tag?post=115251"}],"curies":[{"name":"wp","href":"https:\/\/api.w.org\/{rel}","templated":true}]}}