{"id":113892,"date":"2025-05-03T17:00:59","date_gmt":"2025-05-03T15:00:59","guid":{"rendered":"https:\/\/www.swissraft.ch\/?post_type=product&#038;p=113892"},"modified":"2025-06-27T23:50:39","modified_gmt":"2025-06-27T21:50:39","slug":"schulreise-rafting-berner-oberland-simme-boltigen-darstetten","status":"publish","type":"product","link":"https:\/\/www.swissraft.ch\/de\/produkt\/schulreise-rafting-berner-oberland-simme-boltigen-darstetten\/","title":{"rendered":"Schulreise im BERNER OBERLAND &#8211; RAFTING &#8211; DIE SIMME &#8211; BOLTIGEN-D\u00c4RSTETTEN &#8211; CHF 100.00"},"content":{"rendered":"\t\t<div data-elementor-type=\"wp-post\" data-elementor-id=\"113892\" class=\"elementor elementor-113892 elementor-113891\">\n\t\t\t\t\t\t\t\t\t<section class=\"elementor-section elementor-top-section elementor-element elementor-element-3303a7e3 elementor-section-boxed elementor-section-height-default elementor-section-height-default\" data-id=\"3303a7e3\" data-element_type=\"section\">\n\t\t\t\t\t\t<div class=\"elementor-container elementor-column-gap-default\">\n\t\t\t\t\t<div class=\"elementor-column elementor-col-100 elementor-top-column elementor-element elementor-element-16d72dbf\" data-id=\"16d72dbf\" data-element_type=\"column\">\n\t\t\t<div class=\"elementor-widget-wrap elementor-element-populated\">\n\t\t\t\t\t\t\t\t<div class=\"elementor-element elementor-element-d743c03 elementor-widget elementor-widget-text-editor\" data-id=\"d743c03\" data-element_type=\"widget\" data-widget_type=\"text-editor.default\">\n\t\t\t\t<div class=\"elementor-widget-container\">\n\t\t\t\t\t\t\t<h2>W\u00c4HLEN SIE UNTEN IHRE AKTIVIT\u00c4T AUS, UM GESCHENKGUTSCHEINE \/ TICKETS ZU VERSCHENKEN ODER ZU BUCHEN.<\/h2>\n<table border=\"0\" width=\"580\" cellspacing=\"10\" cellpadding=\"10\">\n<tbody>\n<tr>\n<td width=\"50%\"><strong>SCHULREISE &#8211; SIMME &#8211; RAFTING + Getr\u00e4nk<\/strong><\/td>\n<td><strong><span class=\"productPrice\">CHF 100.00<\/span><\/strong><strong><span class=\"productPrice\"> pro Sch\u00fcler<\/span><\/strong><\/td>\n<\/tr>\n<tr>\n<td>Zus\u00e4tzliche Informationen<\/td>\n<td><span class=\"plbl\">&#8211; <\/span><span class=\"patt\">Mindestalter : 14 Jahre<br \/>&#8211; Erwachsene Begleitperson erforderlich<br \/><\/span><\/td>\n<\/tr>\n<tr>\n<td>Strecke<\/td>\n<td><strong>Boltigen-D\u00e4rstetten<\/strong><\/td>\n<\/tr>\n<tr>\n<td>Startzeiten<\/td>\n<td>10:00 Uhr \/ 14:00 Uhr<\/td>\n<\/tr>\n<tr>\n<td>Rafting<\/td>\n<td>ca. 1,5 Std.<\/td>\n<\/tr>\n<tr>\n<td>Gesamtdauer<\/td>\n<td>ca. 3 Std.<\/td>\n<\/tr>\n<tr>\n<td>Treffpunkt<\/td>\n<td><span style=\"color: #ff6600;\"><a href=\"https:\/\/www.google.com\/maps\/place\/Reidenbach+281,+3766+Boltigen,+Suisse\/@46.6232858,7.3736241,775m\/data=!3m1!1e3!4m6!3m5!1s0x478e582a4e44aa2f:0x7125591bfc6613d8!8m2!3d46.6231447!4d7.3783842!16s%2Fg%2F11h3g7x3cl?entry=ttu&amp;g_ep=EgoyMDI1MDExMC4wIKXMDSoASAFQAw%3D%3D\" target=\"_blank\" rel=\"noopener\">Reidenbach 281<\/a><\/span><\/td>\n<\/tr>\n<tr>\n<td>Schwierigkeitsgrad<\/td>\n<td>2-3+<\/td>\n<\/tr>\n<tr>\n<td> <\/td>\n<td>Um zu buchen : <a href=\"https:\/\/www.swissraft.ch\/de\/kontakt\/\">Kontaktieren Sie uns<\/a><\/td>\n<\/tr>\n<\/tbody>\n<\/table>\n\t\t\t\t\t\t<\/div>\n\t\t\t\t<\/div>\n\t\t\t\t\t<\/div>\n\t\t<\/div>\n\t\t\t\t\t\t\t<\/div>\n\t\t<\/section>\n\t\t\t\t\t\t\t<\/div>\n\t\t","protected":false},"excerpt":{"rendered":"<div align=\"justify\">\n<h2 align=\"justify\">Rafting auf der Simme im Berner Oberland f\u00fcr eine Schulreise<\/h2>\n<h3>Die Simme eine Raftingstrecke, die f\u00fcr Klassenfahrten ab 14 Jahren geeignet ist, mit Spr\u00fcngen und Wellen.<\/h3>\n<\/div>\n<div align=\"justify\">\n<p><strong>Rafting<\/strong> auf der Simme im Simmental. Diese Strecke von Boltigen nach D\u00e4rstetten ist eine Folge von leicht zu umgehenden Hindernissen.<\/p>\n<h3>Neben dem Rafting auf der Simme bieten wir auch andere Strecken f\u00fcr Klassenausfl\u00fcge an.<\/h3>\n<p id=\"textarea\" style=\"display: none;\">\nEbenfalls zwischen dem Berner Oberland und dem Kanton Waadt im Pays d&#8217;Enhaut k\u00f6nnen Sie auf der Sarine Rafting machen. Auch auf der L\u00fctschine im Berner Oberland, aber auch im Wallis auf der Rhone, der Vispa und der Dranse de Bagnes. Dasselbe gilt f\u00fcr den Rhein in Graub\u00fcnden zwischen Ilanz und Reichenau in der Surselva.<br \/>\nWenn Sie eine ruhigere Fahrt bevorzugen, sollten Sie sich f\u00fcr Easy Rafting entscheiden, das auch <strong>Fun Rafting<\/strong> genannt wird. Wir bieten 12 verschiedene Easy Rafting Strecken auf 5 Fl\u00fcssen im Berner Oberland, in der Ostschweiz, in Graub\u00fcnden und im Tessin f\u00fcr eine Schulreise oder einen Schulausflug an.\n<\/p>\n<p><a id=\"seeMore\" onclick=\"toggleSeeMore()\" href=\"javascript:void(0);\">Lesen Sie mehr<\/a><\/p>\n","protected":false},"featured_media":113900,"comment_status":"open","ping_status":"closed","template":"","meta":{"inline_featured_image":false,"_mi_skip_tracking":false},"product_cat":[275,637,276],"product_tag":[],"class_list":["post-113892","product","type-product","status-publish","has-post-thumbnail","hentry","product_cat-gruppen","product_cat-schulausflug-rafting-in-der-schweiz","product_cat-schulreise-klassenausflug"],"yoast_head":"<!-- This site is optimized with the Yoast SEO plugin v23.6 - https:\/\/yoast.com\/wordpress\/plugins\/seo\/ -->\n<title>Rafting-Schulreise Simme im Berner Oberland<\/title>\n<meta name=\"description\" content=\"Simme Rafting-Schulreise. Riverrafting zwischen Boltigen und D\u00e4rstetten im Berner Oberland auf der Simme, eine aufregende Strecke\" \/>\n<meta name=\"robots\" content=\"index, follow, max-snippet:-1, max-image-preview:large, max-video-preview:-1\" \/>\n<link rel=\"canonical\" href=\"https:\/\/www.swissraft.ch\/de\/produkt\/schulreise-rafting-berner-oberland-simme-boltigen-darstetten\/\" \/>\n<meta property=\"og:locale\" content=\"de_DE\" \/>\n<meta property=\"og:type\" content=\"article\" \/>\n<meta property=\"og:title\" content=\"Rafting-Schulreise Simme im Berner Oberland\" \/>\n<meta property=\"og:description\" content=\"Simme Rafting-Schulreise. Riverrafting zwischen Boltigen und D\u00e4rstetten im Berner Oberland auf der Simme, eine aufregende Strecke\" \/>\n<meta property=\"og:url\" content=\"https:\/\/www.swissraft.ch\/de\/produkt\/schulreise-rafting-berner-oberland-simme-boltigen-darstetten\/\" \/>\n<meta property=\"og:site_name\" content=\"Swissraft\" \/>\n<meta property=\"article:modified_time\" content=\"2025-06-27T21:50:39+00:00\" \/>\n<meta property=\"og:image\" content=\"https:\/\/www.swissraft.ch\/wp-content\/uploads\/2025\/05\/1-Simme-776x776-1.jpg\" \/>\n\t<meta property=\"og:image:width\" content=\"776\" \/>\n\t<meta property=\"og:image:height\" content=\"776\" \/>\n\t<meta property=\"og:image:type\" content=\"image\/jpeg\" \/>\n<meta name=\"twitter:card\" content=\"summary_large_image\" \/>\n<meta name=\"twitter:label1\" content=\"Gesch\u00e4tzte Lesezeit\" \/>\n\t<meta name=\"twitter:data1\" content=\"1\u00a0Minute\" \/>\n<script type=\"application\/ld+json\" class=\"yoast-schema-graph\">{\"@context\":\"https:\/\/schema.org\",\"@graph\":[{\"@type\":\"WebPage\",\"@id\":\"https:\/\/www.swissraft.ch\/de\/produkt\/schulreise-rafting-berner-oberland-simme-boltigen-darstetten\/\",\"url\":\"https:\/\/www.swissraft.ch\/de\/produkt\/schulreise-rafting-berner-oberland-simme-boltigen-darstetten\/\",\"name\":\"Rafting-Schulreise Simme im Berner Oberland\",\"isPartOf\":{\"@id\":\"https:\/\/www.swissraft.ch\/de\/#website\"},\"primaryImageOfPage\":{\"@id\":\"https:\/\/www.swissraft.ch\/de\/produkt\/schulreise-rafting-berner-oberland-simme-boltigen-darstetten\/#primaryimage\"},\"image\":{\"@id\":\"https:\/\/www.swissraft.ch\/de\/produkt\/schulreise-rafting-berner-oberland-simme-boltigen-darstetten\/#primaryimage\"},\"thumbnailUrl\":\"https:\/\/www.swissraft.ch\/wp-content\/uploads\/2025\/05\/1-Simme-776x776-1.jpg\",\"datePublished\":\"2025-05-03T15:00:59+00:00\",\"dateModified\":\"2025-06-27T21:50:39+00:00\",\"description\":\"Simme Rafting-Schulreise. Riverrafting zwischen Boltigen und D\u00e4rstetten im Berner Oberland auf der Simme, eine aufregende Strecke\",\"breadcrumb\":{\"@id\":\"https:\/\/www.swissraft.ch\/de\/produkt\/schulreise-rafting-berner-oberland-simme-boltigen-darstetten\/#breadcrumb\"},\"inLanguage\":\"de\",\"potentialAction\":[{\"@type\":\"ReadAction\",\"target\":[\"https:\/\/www.swissraft.ch\/de\/produkt\/schulreise-rafting-berner-oberland-simme-boltigen-darstetten\/\"]}]},{\"@type\":\"ImageObject\",\"inLanguage\":\"de\",\"@id\":\"https:\/\/www.swissraft.ch\/de\/produkt\/schulreise-rafting-berner-oberland-simme-boltigen-darstetten\/#primaryimage\",\"url\":\"https:\/\/www.swissraft.ch\/wp-content\/uploads\/2025\/05\/1-Simme-776x776-1.jpg\",\"contentUrl\":\"https:\/\/www.swissraft.ch\/wp-content\/uploads\/2025\/05\/1-Simme-776x776-1.jpg\",\"width\":776,\"height\":776,\"caption\":\"Rafting-Klassenausflug auf der Simme\"},{\"@type\":\"BreadcrumbList\",\"@id\":\"https:\/\/www.swissraft.ch\/de\/produkt\/schulreise-rafting-berner-oberland-simme-boltigen-darstetten\/#breadcrumb\",\"itemListElement\":[{\"@type\":\"ListItem\",\"position\":1,\"name\":\"Accueil\",\"item\":\"https:\/\/www.swissraft.ch\/de\/\"},{\"@type\":\"ListItem\",\"position\":2,\"name\":\"Shop\",\"item\":\"https:\/\/www.swissraft.ch\/de\/shop\/\"},{\"@type\":\"ListItem\",\"position\":3,\"name\":\"Schulreise im BERNER OBERLAND &#8211; RAFTING &#8211; DIE SIMME &#8211; BOLTIGEN-D\u00c4RSTETTEN &#8211; CHF 100.00\"}]},{\"@type\":\"WebSite\",\"@id\":\"https:\/\/www.swissraft.ch\/de\/#website\",\"url\":\"https:\/\/www.swissraft.ch\/de\/\",\"name\":\"Swissraft\",\"description\":\"To enjoy nature as it is\",\"publisher\":{\"@id\":\"https:\/\/www.swissraft.ch\/de\/#organization\"},\"potentialAction\":[{\"@type\":\"SearchAction\",\"target\":{\"@type\":\"EntryPoint\",\"urlTemplate\":\"https:\/\/www.swissraft.ch\/de\/?s={search_term_string}\"},\"query-input\":{\"@type\":\"PropertyValueSpecification\",\"valueRequired\":true,\"valueName\":\"search_term_string\"}}],\"inLanguage\":\"de\"},{\"@type\":\"Organization\",\"@id\":\"https:\/\/www.swissraft.ch\/de\/#organization\",\"name\":\"Swissraft\",\"url\":\"https:\/\/www.swissraft.ch\/de\/\",\"logo\":{\"@type\":\"ImageObject\",\"inLanguage\":\"de\",\"@id\":\"https:\/\/www.swissraft.ch\/de\/#\/schema\/logo\/image\/\",\"url\":\"https:\/\/www.swissraft.ch\/wp-content\/uploads\/2025\/09\/Capture.jpg\",\"contentUrl\":\"https:\/\/www.swissraft.ch\/wp-content\/uploads\/2025\/09\/Capture.jpg\",\"width\":293,\"height\":108,\"caption\":\"Swissraft\"},\"image\":{\"@id\":\"https:\/\/www.swissraft.ch\/de\/#\/schema\/logo\/image\/\"}}]}<\/script>\n<!-- \/ Yoast SEO plugin. -->","yoast_head_json":{"title":"Rafting-Schulreise Simme im Berner Oberland","description":"Simme Rafting-Schulreise. Riverrafting zwischen Boltigen und D\u00e4rstetten im Berner Oberland auf der Simme, eine aufregende Strecke","robots":{"index":"index","follow":"follow","max-snippet":"max-snippet:-1","max-image-preview":"max-image-preview:large","max-video-preview":"max-video-preview:-1"},"canonical":"https:\/\/www.swissraft.ch\/de\/produkt\/schulreise-rafting-berner-oberland-simme-boltigen-darstetten\/","og_locale":"de_DE","og_type":"article","og_title":"Rafting-Schulreise Simme im Berner Oberland","og_description":"Simme Rafting-Schulreise. Riverrafting zwischen Boltigen und D\u00e4rstetten im Berner Oberland auf der Simme, eine aufregende Strecke","og_url":"https:\/\/www.swissraft.ch\/de\/produkt\/schulreise-rafting-berner-oberland-simme-boltigen-darstetten\/","og_site_name":"Swissraft","article_modified_time":"2025-06-27T21:50:39+00:00","og_image":[{"width":776,"height":776,"url":"https:\/\/www.swissraft.ch\/wp-content\/uploads\/2025\/05\/1-Simme-776x776-1.jpg","type":"image\/jpeg"}],"twitter_card":"summary_large_image","twitter_misc":{"Gesch\u00e4tzte Lesezeit":"1\u00a0Minute"},"schema":{"@context":"https:\/\/schema.org","@graph":[{"@type":"WebPage","@id":"https:\/\/www.swissraft.ch\/de\/produkt\/schulreise-rafting-berner-oberland-simme-boltigen-darstetten\/","url":"https:\/\/www.swissraft.ch\/de\/produkt\/schulreise-rafting-berner-oberland-simme-boltigen-darstetten\/","name":"Rafting-Schulreise Simme im Berner Oberland","isPartOf":{"@id":"https:\/\/www.swissraft.ch\/de\/#website"},"primaryImageOfPage":{"@id":"https:\/\/www.swissraft.ch\/de\/produkt\/schulreise-rafting-berner-oberland-simme-boltigen-darstetten\/#primaryimage"},"image":{"@id":"https:\/\/www.swissraft.ch\/de\/produkt\/schulreise-rafting-berner-oberland-simme-boltigen-darstetten\/#primaryimage"},"thumbnailUrl":"https:\/\/www.swissraft.ch\/wp-content\/uploads\/2025\/05\/1-Simme-776x776-1.jpg","datePublished":"2025-05-03T15:00:59+00:00","dateModified":"2025-06-27T21:50:39+00:00","description":"Simme Rafting-Schulreise. Riverrafting zwischen Boltigen und D\u00e4rstetten im Berner Oberland auf der Simme, eine aufregende Strecke","breadcrumb":{"@id":"https:\/\/www.swissraft.ch\/de\/produkt\/schulreise-rafting-berner-oberland-simme-boltigen-darstetten\/#breadcrumb"},"inLanguage":"de","potentialAction":[{"@type":"ReadAction","target":["https:\/\/www.swissraft.ch\/de\/produkt\/schulreise-rafting-berner-oberland-simme-boltigen-darstetten\/"]}]},{"@type":"ImageObject","inLanguage":"de","@id":"https:\/\/www.swissraft.ch\/de\/produkt\/schulreise-rafting-berner-oberland-simme-boltigen-darstetten\/#primaryimage","url":"https:\/\/www.swissraft.ch\/wp-content\/uploads\/2025\/05\/1-Simme-776x776-1.jpg","contentUrl":"https:\/\/www.swissraft.ch\/wp-content\/uploads\/2025\/05\/1-Simme-776x776-1.jpg","width":776,"height":776,"caption":"Rafting-Klassenausflug auf der Simme"},{"@type":"BreadcrumbList","@id":"https:\/\/www.swissraft.ch\/de\/produkt\/schulreise-rafting-berner-oberland-simme-boltigen-darstetten\/#breadcrumb","itemListElement":[{"@type":"ListItem","position":1,"name":"Accueil","item":"https:\/\/www.swissraft.ch\/de\/"},{"@type":"ListItem","position":2,"name":"Shop","item":"https:\/\/www.swissraft.ch\/de\/shop\/"},{"@type":"ListItem","position":3,"name":"Schulreise im BERNER OBERLAND &#8211; RAFTING &#8211; DIE SIMME &#8211; BOLTIGEN-D\u00c4RSTETTEN &#8211; CHF 100.00"}]},{"@type":"WebSite","@id":"https:\/\/www.swissraft.ch\/de\/#website","url":"https:\/\/www.swissraft.ch\/de\/","name":"Swissraft","description":"To enjoy nature as it is","publisher":{"@id":"https:\/\/www.swissraft.ch\/de\/#organization"},"potentialAction":[{"@type":"SearchAction","target":{"@type":"EntryPoint","urlTemplate":"https:\/\/www.swissraft.ch\/de\/?s={search_term_string}"},"query-input":{"@type":"PropertyValueSpecification","valueRequired":true,"valueName":"search_term_string"}}],"inLanguage":"de"},{"@type":"Organization","@id":"https:\/\/www.swissraft.ch\/de\/#organization","name":"Swissraft","url":"https:\/\/www.swissraft.ch\/de\/","logo":{"@type":"ImageObject","inLanguage":"de","@id":"https:\/\/www.swissraft.ch\/de\/#\/schema\/logo\/image\/","url":"https:\/\/www.swissraft.ch\/wp-content\/uploads\/2025\/09\/Capture.jpg","contentUrl":"https:\/\/www.swissraft.ch\/wp-content\/uploads\/2025\/09\/Capture.jpg","width":293,"height":108,"caption":"Swissraft"},"image":{"@id":"https:\/\/www.swissraft.ch\/de\/#\/schema\/logo\/image\/"}}]}},"_links":{"self":[{"href":"https:\/\/www.swissraft.ch\/de\/wp-json\/wp\/v2\/product\/113892","targetHints":{"allow":["GET"]}}],"collection":[{"href":"https:\/\/www.swissraft.ch\/de\/wp-json\/wp\/v2\/product"}],"about":[{"href":"https:\/\/www.swissraft.ch\/de\/wp-json\/wp\/v2\/types\/product"}],"replies":[{"embeddable":true,"href":"https:\/\/www.swissraft.ch\/de\/wp-json\/wp\/v2\/comments?post=113892"}],"version-history":[{"count":21,"href":"https:\/\/www.swissraft.ch\/de\/wp-json\/wp\/v2\/product\/113892\/revisions"}],"predecessor-version":[{"id":118926,"href":"https:\/\/www.swissraft.ch\/de\/wp-json\/wp\/v2\/product\/113892\/revisions\/118926"}],"wp:featuredmedia":[{"embeddable":true,"href":"https:\/\/www.swissraft.ch\/de\/wp-json\/wp\/v2\/media\/113900"}],"wp:attachment":[{"href":"https:\/\/www.swissraft.ch\/de\/wp-json\/wp\/v2\/media?parent=113892"}],"wp:term":[{"taxonomy":"product_cat","embeddable":true,"href":"https:\/\/www.swissraft.ch\/de\/wp-json\/wp\/v2\/product_cat?post=113892"},{"taxonomy":"product_tag","embeddable":true,"href":"https:\/\/www.swissraft.ch\/de\/wp-json\/wp\/v2\/product_tag?post=113892"}],"curies":[{"name":"wp","href":"https:\/\/api.w.org\/{rel}","templated":true}]}}