{"id":112579,"date":"2025-04-14T22:47:23","date_gmt":"2025-04-14T20:47:23","guid":{"rendered":"https:\/\/www.swissraft.ch\/?post_type=product&#038;p=112579"},"modified":"2026-04-08T23:16:38","modified_gmt":"2026-04-08T21:16:38","slug":"family-rafting-river-rafting-rhein-graubuenden-ilanz-reichenau","status":"publish","type":"product","link":"https:\/\/www.swissraft.ch\/de\/produkt\/family-rafting-river-rafting-rhein-graubuenden-ilanz-reichenau\/","title":{"rendered":"Familien-Rafting oder River Rafting in Graub\u00fcnden &#8211; Der Rhein &#8211; Surselva &#8211; Ilanz-Reichenau &#8211; Ab CHF 55.00"},"content":{"rendered":"\t\t<div data-elementor-type=\"wp-post\" data-elementor-id=\"112579\" class=\"elementor elementor-112579 elementor-112578\">\n\t\t\t\t\t\t\t\t\t<section class=\"elementor-section elementor-top-section elementor-element elementor-element-3303a7e3 elementor-section-boxed elementor-section-height-default elementor-section-height-default\" data-id=\"3303a7e3\" data-element_type=\"section\">\n\t\t\t\t\t\t<div class=\"elementor-container elementor-column-gap-default\">\n\t\t\t\t\t<div class=\"elementor-column elementor-col-100 elementor-top-column elementor-element elementor-element-16d72dbf\" data-id=\"16d72dbf\" data-element_type=\"column\">\n\t\t\t<div class=\"elementor-widget-wrap elementor-element-populated\">\n\t\t\t\t\t\t\t\t<div class=\"elementor-element elementor-element-d743c03 elementor-widget elementor-widget-text-editor\" data-id=\"d743c03\" data-element_type=\"widget\" data-widget_type=\"text-editor.default\">\n\t\t\t\t<div class=\"elementor-widget-container\">\n\t\t\t\t\t\t\t<h2>W\u00c4HLEN SIE UNTEN IHRE AKTIVIT\u00c4T AUS, UM GESCHENKGUTSCHEINE \/ TICKETS ZU VERSCHENKEN ODER ZU BUCHEN<\/h2><table border=\"0\" width=\"580\" cellspacing=\"10\" cellpadding=\"10\"><tbody><tr><td width=\"50%\"><strong>RAFTING FAMILY &#8211; RHEIN + Getr\u00e4nk<\/strong><\/td><td><strong><span class=\"productPrice\">ELTERN : CHF 80.00<\/span><\/strong><strong><span class=\"productPrice\"> pro Person<\/span><\/strong><\/td><\/tr><tr><td>Zus\u00e4tzliche Informationen<\/td><td><span class=\"plbl\">&#8211; Jugendpreis<\/span> : <strong>CHF <\/strong><span class=\"patt\"><strong>55.00<\/strong> bis 17 j\u00e4hrig<br \/>&#8211; Mindestalter : 10 Jahre<br \/><\/span><span class=\"patt\">&#8211; Jeweils Mitwoch von Juli bis Ende August<\/span><\/td><\/tr><tr><td>Strecke<\/td><td><strong>Ilanz-Reichenau<\/strong><\/td><\/tr><tr><td>Startzeiten<\/td><td>09:35 Uhr \/ 13:35 Uhr<\/td><\/tr><tr><td>Rafting<\/td><td>ca. 2 Std.<\/td><\/tr><tr><td>Gesamtdauer<\/td><td>ca. 3,5 Std.<\/td><\/tr><tr><td>Treffpunkt<\/td><td><span style=\"color: #ff6600;\"><a href=\"https:\/\/www.google.com\/maps\/place\/46%C2%B046'31.1%22N+9%C2%B012'26.6%22E\/@46.7754475,9.205092,386m\/data=!3m1!1e3!4m10!1m5!3m4!2zNDbCsDQ2JzMwLjkiTiA5wrAxMicyNi42IkU!8m2!3d46.77525!4d9.2073889!3m3!8m2!3d46.7753056!4d9.2073889?entry=ttu\" target=\"_blank\" rel=\"noopener\">Bahnhof Ilanz<\/a><\/span><\/td><\/tr><tr><td>Schwierigkeitsgrad<\/td><td>2-3+<\/td><\/tr><tr><td><button class=\"elementor-button\" type=\"button\"><a href=\"https:\/\/swissraft.outdoorbooking.ch\/fo\/products\/1429?base_id=2&amp;category_id=1&amp;order_type=gift_voucher&amp;lang=de\" target=\"_blank\" rel=\"noopener\">GUTSCHEIN \/ TICKET KAUFEN<\/a><\/button><\/td><td style=\"text-align: left;\"><a href=\"https:\/\/swissraft.outdoorbooking.ch\/fo\/products\/1429?base_id=2&amp;category_id=1&amp;order_type=event&amp;lang=de\" target=\"_blank\" rel=\"noopener\">RESERVIEREN SIE EIN DATUM<\/a>\u00a0 <strong>CHF 80.00<\/strong>\/Pers.\u00a0 <strong>CHF 55.00<\/strong>\/Kind<\/td><\/tr><tr><td><button class=\"elementor-button\" type=\"button\"><a href=\"https:\/\/swissraft.outdoorbooking.ch\/fo\/products\/225?base_id=2&amp;category_id=1&amp;order_type=gift_voucher&amp;lang=de\" target=\"_blank\" rel=\"noopener\">GUTSCHEIN \/ TICKET KAUFEN<\/a><\/button><\/td><td style=\"text-align: left;\"><span class=\"patt\"><a href=\"https:\/\/swissraft.outdoorbooking.ch\/fo\/products\/225?base_id=2&amp;category_id=1&amp;order_type=event&amp;lang=de\" target=\"_blank\" rel=\"noopener\">RESERVIEREN SIE EIN DATUM<\/a>\u00a0 <strong>CHF 650.00 &#8211; <\/strong>PRIVATE RAFT (3-9 Pers.)<\/span><\/td><\/tr><\/tbody><\/table>\t\t\t\t\t\t<\/div>\n\t\t\t\t<\/div>\n\t\t\t\t\t<\/div>\n\t\t<\/div>\n\t\t\t\t\t\t\t<\/div>\n\t\t<\/section>\n\t\t\t\t\t\t\t<\/div>\n\t\t","protected":false},"excerpt":{"rendered":"<div align=\"justify\">\n<h2 align=\"justify\">Familien-Riverrafting auf dem Rhein in Graub\u00fcnden, Riverrafting zwischen Ilanz und Reichenau\/GR<\/h2>\n<h3>Eine Rafting-Tour auf dem Rhein, ein sch\u00f6nes Abenteuer f\u00fcr die ganze Familie<\/h3>\n<\/div>\n<div align=\"justify\">\n<p><strong>Rafting<\/strong> auf dem Rhein in der Surselva. Einerseits flie\u00dft der Rhein in Graub\u00fcnden zwischen Ilanz und Reichenau\/GR durch den ber\u00fchmten Schweizer Grand Canyon. Au\u00dferdem ist dieser Parcours f\u00fcr Kinder ab 10 Jahren geeignet. Auch <strong>Rafting-Fans<\/strong> kommen hier auf ihre Kosten.<\/p>\n<\/div>\n<h3>Es gibt viele Alternativen zum Rafting auf dem Rhein in Graub\u00fcnden.<\/h3>\n<p id=\"textarea\" style=\"display: none;\">Wir bieten <strong>Rafting<\/strong> in Graub\u00fcnden auf dem Inn zwischen Scuol und Pradella im Engadin an, eine Strecke von hohem Niveau. Swissraft bietet auch <strong>Riverrafting<\/strong> auf der Saane im Pays d&#8217;Enhaut an. Aber auch Rafting auf der Rhone, der Vispa und der Dranse de Bagnes in Sembrancher im Wallis. Au\u00dferdem bieten wir <strong>Riverrafting<\/strong> auf der L\u00fctschine bei Interlaken im Berner Oberland, <strong>Rafting<\/strong> auf der Simme und Rafting auf der Dranse in Hochsavoyen bei Thonon les Bains in der N\u00e4he von Genf an. Und immer noch im benachbarten Frankreich <strong>Rafting<\/strong> auf dem Doron de Bozel und Rafting auf der Is\u00e8re in Savoyen.<br \/>\nAu\u00dferdem bieten wir auch ein etwas sanfteres Abenteuer auf dem Inn mit <strong>Familien-Rafting<\/strong> an.\n<\/p>\n<p><a id=\"seeMore\" onclick=\"toggleSeeMore()\" href=\"javascript:void(0);\">Lesen Sie mehr<\/a><\/p>\n","protected":false},"featured_media":112590,"comment_status":"open","ping_status":"closed","template":"","meta":{"inline_featured_image":false,"_mi_skip_tracking":false},"product_cat":[251,343],"product_tag":[],"class_list":["post-112579","product","type-product","status-publish","has-post-thumbnail","hentry","product_cat-rafting-river-rafting-in-der-schweiz","product_cat-rafting-river-rafting-graubuenden-vorderrhein-rhein-inn"],"yoast_head":"<!-- This site is optimized with the Yoast SEO plugin v23.6 - https:\/\/yoast.com\/wordpress\/plugins\/seo\/ -->\n<title>Family Rafting Rhein im Grand Canyon der Schweiz<\/title>\n<meta name=\"description\" content=\"Family Rafting Rhein. Rafting oder Riverrafting zwischen Ilanz und Reichenau in der Surselva durch den Grand Canyon der Schweiz\" \/>\n<meta name=\"robots\" content=\"index, follow, max-snippet:-1, max-image-preview:large, max-video-preview:-1\" \/>\n<link rel=\"canonical\" href=\"https:\/\/www.swissraft.ch\/de\/produkt\/family-rafting-river-rafting-rhein-graubuenden-ilanz-reichenau\/\" \/>\n<meta property=\"og:locale\" content=\"de_DE\" \/>\n<meta property=\"og:type\" content=\"article\" \/>\n<meta property=\"og:title\" content=\"Family Rafting Rhein im Grand Canyon der Schweiz\" \/>\n<meta property=\"og:description\" content=\"Family Rafting Rhein. Rafting oder Riverrafting zwischen Ilanz und Reichenau in der Surselva durch den Grand Canyon der Schweiz\" \/>\n<meta property=\"og:url\" content=\"https:\/\/www.swissraft.ch\/de\/produkt\/family-rafting-river-rafting-rhein-graubuenden-ilanz-reichenau\/\" \/>\n<meta property=\"og:site_name\" content=\"Swissraft\" \/>\n<meta property=\"article:modified_time\" content=\"2026-04-08T21:16:38+00:00\" \/>\n<meta property=\"og:image\" content=\"https:\/\/www.swissraft.ch\/wp-content\/uploads\/2025\/04\/1-4-Rhein-776x776-1.png\" \/>\n\t<meta property=\"og:image:width\" content=\"776\" \/>\n\t<meta property=\"og:image:height\" content=\"776\" \/>\n\t<meta property=\"og:image:type\" content=\"image\/png\" \/>\n<meta name=\"twitter:card\" content=\"summary_large_image\" \/>\n<meta name=\"twitter:label1\" content=\"Gesch\u00e4tzte Lesezeit\" \/>\n\t<meta name=\"twitter:data1\" content=\"1\u00a0Minute\" \/>\n<script type=\"application\/ld+json\" class=\"yoast-schema-graph\">{\"@context\":\"https:\/\/schema.org\",\"@graph\":[{\"@type\":\"WebPage\",\"@id\":\"https:\/\/www.swissraft.ch\/de\/produkt\/family-rafting-river-rafting-rhein-graubuenden-ilanz-reichenau\/\",\"url\":\"https:\/\/www.swissraft.ch\/de\/produkt\/family-rafting-river-rafting-rhein-graubuenden-ilanz-reichenau\/\",\"name\":\"Family Rafting Rhein im Grand Canyon der Schweiz\",\"isPartOf\":{\"@id\":\"https:\/\/www.swissraft.ch\/de\/#website\"},\"primaryImageOfPage\":{\"@id\":\"https:\/\/www.swissraft.ch\/de\/produkt\/family-rafting-river-rafting-rhein-graubuenden-ilanz-reichenau\/#primaryimage\"},\"image\":{\"@id\":\"https:\/\/www.swissraft.ch\/de\/produkt\/family-rafting-river-rafting-rhein-graubuenden-ilanz-reichenau\/#primaryimage\"},\"thumbnailUrl\":\"https:\/\/www.swissraft.ch\/wp-content\/uploads\/2025\/04\/1-4-Rhein-776x776-1.png\",\"datePublished\":\"2025-04-14T20:47:23+00:00\",\"dateModified\":\"2026-04-08T21:16:38+00:00\",\"description\":\"Family Rafting Rhein. Rafting oder Riverrafting zwischen Ilanz und Reichenau in der Surselva durch den Grand Canyon der Schweiz\",\"breadcrumb\":{\"@id\":\"https:\/\/www.swissraft.ch\/de\/produkt\/family-rafting-river-rafting-rhein-graubuenden-ilanz-reichenau\/#breadcrumb\"},\"inLanguage\":\"de\",\"potentialAction\":[{\"@type\":\"ReadAction\",\"target\":[\"https:\/\/www.swissraft.ch\/de\/produkt\/family-rafting-river-rafting-rhein-graubuenden-ilanz-reichenau\/\"]}]},{\"@type\":\"ImageObject\",\"inLanguage\":\"de\",\"@id\":\"https:\/\/www.swissraft.ch\/de\/produkt\/family-rafting-river-rafting-rhein-graubuenden-ilanz-reichenau\/#primaryimage\",\"url\":\"https:\/\/www.swissraft.ch\/wp-content\/uploads\/2025\/04\/1-4-Rhein-776x776-1.png\",\"contentUrl\":\"https:\/\/www.swissraft.ch\/wp-content\/uploads\/2025\/04\/1-4-Rhein-776x776-1.png\",\"width\":776,\"height\":776,\"caption\":\"Family Rafting auf dem Vorderrhein\"},{\"@type\":\"BreadcrumbList\",\"@id\":\"https:\/\/www.swissraft.ch\/de\/produkt\/family-rafting-river-rafting-rhein-graubuenden-ilanz-reichenau\/#breadcrumb\",\"itemListElement\":[{\"@type\":\"ListItem\",\"position\":1,\"name\":\"Accueil\",\"item\":\"https:\/\/www.swissraft.ch\/de\/\"},{\"@type\":\"ListItem\",\"position\":2,\"name\":\"Shop\",\"item\":\"https:\/\/www.swissraft.ch\/de\/shop\/\"},{\"@type\":\"ListItem\",\"position\":3,\"name\":\"Familien-Rafting oder River Rafting in Graub\u00fcnden &#8211; Der Rhein &#8211; Surselva &#8211; Ilanz-Reichenau &#8211; Ab CHF 55.00\"}]},{\"@type\":\"WebSite\",\"@id\":\"https:\/\/www.swissraft.ch\/de\/#website\",\"url\":\"https:\/\/www.swissraft.ch\/de\/\",\"name\":\"Swissraft\",\"description\":\"To enjoy nature as it is\",\"publisher\":{\"@id\":\"https:\/\/www.swissraft.ch\/de\/#organization\"},\"potentialAction\":[{\"@type\":\"SearchAction\",\"target\":{\"@type\":\"EntryPoint\",\"urlTemplate\":\"https:\/\/www.swissraft.ch\/de\/?s={search_term_string}\"},\"query-input\":{\"@type\":\"PropertyValueSpecification\",\"valueRequired\":true,\"valueName\":\"search_term_string\"}}],\"inLanguage\":\"de\"},{\"@type\":\"Organization\",\"@id\":\"https:\/\/www.swissraft.ch\/de\/#organization\",\"name\":\"Swissraft\",\"url\":\"https:\/\/www.swissraft.ch\/de\/\",\"logo\":{\"@type\":\"ImageObject\",\"inLanguage\":\"de\",\"@id\":\"https:\/\/www.swissraft.ch\/de\/#\/schema\/logo\/image\/\",\"url\":\"https:\/\/www.swissraft.ch\/wp-content\/uploads\/2025\/09\/Capture.jpg\",\"contentUrl\":\"https:\/\/www.swissraft.ch\/wp-content\/uploads\/2025\/09\/Capture.jpg\",\"width\":293,\"height\":108,\"caption\":\"Swissraft\"},\"image\":{\"@id\":\"https:\/\/www.swissraft.ch\/de\/#\/schema\/logo\/image\/\"}}]}<\/script>\n<!-- \/ Yoast SEO plugin. -->","yoast_head_json":{"title":"Family Rafting Rhein im Grand Canyon der Schweiz","description":"Family Rafting Rhein. Rafting oder Riverrafting zwischen Ilanz und Reichenau in der Surselva durch den Grand Canyon der Schweiz","robots":{"index":"index","follow":"follow","max-snippet":"max-snippet:-1","max-image-preview":"max-image-preview:large","max-video-preview":"max-video-preview:-1"},"canonical":"https:\/\/www.swissraft.ch\/de\/produkt\/family-rafting-river-rafting-rhein-graubuenden-ilanz-reichenau\/","og_locale":"de_DE","og_type":"article","og_title":"Family Rafting Rhein im Grand Canyon der Schweiz","og_description":"Family Rafting Rhein. Rafting oder Riverrafting zwischen Ilanz und Reichenau in der Surselva durch den Grand Canyon der Schweiz","og_url":"https:\/\/www.swissraft.ch\/de\/produkt\/family-rafting-river-rafting-rhein-graubuenden-ilanz-reichenau\/","og_site_name":"Swissraft","article_modified_time":"2026-04-08T21:16:38+00:00","og_image":[{"width":776,"height":776,"url":"https:\/\/www.swissraft.ch\/wp-content\/uploads\/2025\/04\/1-4-Rhein-776x776-1.png","type":"image\/png"}],"twitter_card":"summary_large_image","twitter_misc":{"Gesch\u00e4tzte Lesezeit":"1\u00a0Minute"},"schema":{"@context":"https:\/\/schema.org","@graph":[{"@type":"WebPage","@id":"https:\/\/www.swissraft.ch\/de\/produkt\/family-rafting-river-rafting-rhein-graubuenden-ilanz-reichenau\/","url":"https:\/\/www.swissraft.ch\/de\/produkt\/family-rafting-river-rafting-rhein-graubuenden-ilanz-reichenau\/","name":"Family Rafting Rhein im Grand Canyon der Schweiz","isPartOf":{"@id":"https:\/\/www.swissraft.ch\/de\/#website"},"primaryImageOfPage":{"@id":"https:\/\/www.swissraft.ch\/de\/produkt\/family-rafting-river-rafting-rhein-graubuenden-ilanz-reichenau\/#primaryimage"},"image":{"@id":"https:\/\/www.swissraft.ch\/de\/produkt\/family-rafting-river-rafting-rhein-graubuenden-ilanz-reichenau\/#primaryimage"},"thumbnailUrl":"https:\/\/www.swissraft.ch\/wp-content\/uploads\/2025\/04\/1-4-Rhein-776x776-1.png","datePublished":"2025-04-14T20:47:23+00:00","dateModified":"2026-04-08T21:16:38+00:00","description":"Family Rafting Rhein. Rafting oder Riverrafting zwischen Ilanz und Reichenau in der Surselva durch den Grand Canyon der Schweiz","breadcrumb":{"@id":"https:\/\/www.swissraft.ch\/de\/produkt\/family-rafting-river-rafting-rhein-graubuenden-ilanz-reichenau\/#breadcrumb"},"inLanguage":"de","potentialAction":[{"@type":"ReadAction","target":["https:\/\/www.swissraft.ch\/de\/produkt\/family-rafting-river-rafting-rhein-graubuenden-ilanz-reichenau\/"]}]},{"@type":"ImageObject","inLanguage":"de","@id":"https:\/\/www.swissraft.ch\/de\/produkt\/family-rafting-river-rafting-rhein-graubuenden-ilanz-reichenau\/#primaryimage","url":"https:\/\/www.swissraft.ch\/wp-content\/uploads\/2025\/04\/1-4-Rhein-776x776-1.png","contentUrl":"https:\/\/www.swissraft.ch\/wp-content\/uploads\/2025\/04\/1-4-Rhein-776x776-1.png","width":776,"height":776,"caption":"Family Rafting auf dem Vorderrhein"},{"@type":"BreadcrumbList","@id":"https:\/\/www.swissraft.ch\/de\/produkt\/family-rafting-river-rafting-rhein-graubuenden-ilanz-reichenau\/#breadcrumb","itemListElement":[{"@type":"ListItem","position":1,"name":"Accueil","item":"https:\/\/www.swissraft.ch\/de\/"},{"@type":"ListItem","position":2,"name":"Shop","item":"https:\/\/www.swissraft.ch\/de\/shop\/"},{"@type":"ListItem","position":3,"name":"Familien-Rafting oder River Rafting in Graub\u00fcnden &#8211; Der Rhein &#8211; Surselva &#8211; Ilanz-Reichenau &#8211; Ab CHF 55.00"}]},{"@type":"WebSite","@id":"https:\/\/www.swissraft.ch\/de\/#website","url":"https:\/\/www.swissraft.ch\/de\/","name":"Swissraft","description":"To enjoy nature as it is","publisher":{"@id":"https:\/\/www.swissraft.ch\/de\/#organization"},"potentialAction":[{"@type":"SearchAction","target":{"@type":"EntryPoint","urlTemplate":"https:\/\/www.swissraft.ch\/de\/?s={search_term_string}"},"query-input":{"@type":"PropertyValueSpecification","valueRequired":true,"valueName":"search_term_string"}}],"inLanguage":"de"},{"@type":"Organization","@id":"https:\/\/www.swissraft.ch\/de\/#organization","name":"Swissraft","url":"https:\/\/www.swissraft.ch\/de\/","logo":{"@type":"ImageObject","inLanguage":"de","@id":"https:\/\/www.swissraft.ch\/de\/#\/schema\/logo\/image\/","url":"https:\/\/www.swissraft.ch\/wp-content\/uploads\/2025\/09\/Capture.jpg","contentUrl":"https:\/\/www.swissraft.ch\/wp-content\/uploads\/2025\/09\/Capture.jpg","width":293,"height":108,"caption":"Swissraft"},"image":{"@id":"https:\/\/www.swissraft.ch\/de\/#\/schema\/logo\/image\/"}}]}},"_links":{"self":[{"href":"https:\/\/www.swissraft.ch\/de\/wp-json\/wp\/v2\/product\/112579","targetHints":{"allow":["GET"]}}],"collection":[{"href":"https:\/\/www.swissraft.ch\/de\/wp-json\/wp\/v2\/product"}],"about":[{"href":"https:\/\/www.swissraft.ch\/de\/wp-json\/wp\/v2\/types\/product"}],"replies":[{"embeddable":true,"href":"https:\/\/www.swissraft.ch\/de\/wp-json\/wp\/v2\/comments?post=112579"}],"version-history":[{"count":83,"href":"https:\/\/www.swissraft.ch\/de\/wp-json\/wp\/v2\/product\/112579\/revisions"}],"predecessor-version":[{"id":138222,"href":"https:\/\/www.swissraft.ch\/de\/wp-json\/wp\/v2\/product\/112579\/revisions\/138222"}],"wp:featuredmedia":[{"embeddable":true,"href":"https:\/\/www.swissraft.ch\/de\/wp-json\/wp\/v2\/media\/112590"}],"wp:attachment":[{"href":"https:\/\/www.swissraft.ch\/de\/wp-json\/wp\/v2\/media?parent=112579"}],"wp:term":[{"taxonomy":"product_cat","embeddable":true,"href":"https:\/\/www.swissraft.ch\/de\/wp-json\/wp\/v2\/product_cat?post=112579"},{"taxonomy":"product_tag","embeddable":true,"href":"https:\/\/www.swissraft.ch\/de\/wp-json\/wp\/v2\/product_tag?post=112579"}],"curies":[{"name":"wp","href":"https:\/\/api.w.org\/{rel}","templated":true}]}}