{"id":109449,"date":"2025-02-03T00:01:06","date_gmt":"2025-02-02T23:01:06","guid":{"rendered":"https:\/\/www.swissraft.ch\/?post_type=product&#038;p=109449"},"modified":"2026-04-08T23:53:18","modified_gmt":"2026-04-08T21:53:18","slug":"rafting-river-rafting-inn-graubuenden-engadin-susch-pradella","status":"publish","type":"product","link":"https:\/\/www.swissraft.ch\/de\/produkt\/rafting-river-rafting-inn-graubuenden-engadin-susch-pradella\/","title":{"rendered":"Rafting oder River Rafting in Graub\u00fcnden &#8211; Der Inn &#8211; Engadin &#8211; Susch-Pradella &#8211; Ab CHF 103.50"},"content":{"rendered":"\t\t<div data-elementor-type=\"wp-post\" data-elementor-id=\"109449\" class=\"elementor elementor-109449 elementor-109448\">\n\t\t\t\t\t\t\t\t\t<section class=\"elementor-section elementor-top-section elementor-element elementor-element-3303a7e3 elementor-section-boxed elementor-section-height-default elementor-section-height-default\" data-id=\"3303a7e3\" data-element_type=\"section\">\n\t\t\t\t\t\t<div class=\"elementor-container elementor-column-gap-default\">\n\t\t\t\t\t<div class=\"elementor-column elementor-col-100 elementor-top-column elementor-element elementor-element-16d72dbf\" data-id=\"16d72dbf\" data-element_type=\"column\">\n\t\t\t<div class=\"elementor-widget-wrap elementor-element-populated\">\n\t\t\t\t\t\t\t\t<div class=\"elementor-element elementor-element-d743c03 elementor-widget elementor-widget-text-editor\" data-id=\"d743c03\" data-element_type=\"widget\" data-widget_type=\"text-editor.default\">\n\t\t\t\t<div class=\"elementor-widget-container\">\n\t\t\t\t\t\t\t<h2>W\u00c4HLEN SIE UNTEN IHRE AKTIVIT\u00c4T AUS, UM GESCHENKGUTSCHEINE \/ TICKETS ZU VERSCHENKEN ODER ZU BUCHEN<\/h2><table border=\"0\" width=\"580\" cellspacing=\"10\" cellpadding=\"10\"><tbody><tr><td width=\"50%\"><strong>1) RAFTING &#8211; RIVER RAFTING &#8211; INN &#8211; Scuolerschlucht + Getr\u00e4nk<\/strong><\/td><td><strong><span class=\"productPrice\">CHF 118.00 pro Person<\/span><\/strong><\/td><\/tr><tr><td>Zus\u00e4tzliche Informationen<\/td><td><span class=\"patt\"><span class=\"plbl\">&#8211; Ab<\/span> 10 Pers. : <strong>CHF 110.92<\/strong>\/Pers.<strong><br \/><\/strong>&#8211; Ab 20 pers. : <strong>CHF 105.02<\/strong>\/Pers.<strong><br \/><\/strong>&#8211; Ab 30 Pers. : <strong>CHF 99.12<\/strong>\/Pers.<strong><br \/><\/strong>&#8211; Mindestalter : 14 j\u00e4hrig<br \/><span class=\"plbl\">&#8211; Schulpreis : <span class=\"patt\" style=\"font-family: inherit; font-size: inherit;\"><a href=\"https:\/\/www.swissraft.ch\/de\/kontakt\/\">Kontaktieren Sie uns<\/a><br \/>&#8211; Privates Rafting (3-7 Pers.) : <strong>CHF 769.00<\/strong>\/Privarboot<br \/><\/span><\/span><\/span><\/td><\/tr><tr><td>Strecke<\/td><td><strong>Scuol-Pradella<\/strong><\/td><\/tr><tr><td>Startzeit<\/td><td>10:20 Uhr<\/td><\/tr><tr><td>Rafting<\/td><td>ca. 1:40 Std.<\/td><\/tr><tr><td>Gesamtdauer<\/td><td>ca. 3 Std.<\/td><\/tr><tr><td>Treffpunkt<\/td><td><span style=\"color: #ff6600;\"><a href=\"https:\/\/www.google.com\/maps\/place\/46%C2%B047'42.3%22N+10%C2%B017'19.5%22E\/@46.7953257,10.2843511,773m\/data=!3m1!1e3!4m4!3m3!8m2!3d46.7950833!4d10.28875?entry=ttu\" target=\"_blank\" rel=\"noopener\">Scuol<\/a><\/span><\/td><\/tr><tr><td>Schwierigkeitsgrad<\/td><td>3-3+<\/td><\/tr><tr><td><button class=\"elementor-button\" type=\"button\"><a href=\"https:\/\/swissraft.outdoorbooking.ch\/fo\/products\/236?base_id=7&amp;category_id=1&amp;order_type=gift_voucher&amp;lang=de\" target=\"_blank\" rel=\"noopener\">GUTSCHEIN \/ TICKET KAUFEN<\/a><\/button><\/td><td style=\"text-align: left;\"><a href=\"https:\/\/swissraft.outdoorbooking.ch\/fo\/products\/236?base_id=7&amp;category_id=1&amp;order_type=event&amp;lang=de\" target=\"_blank\" rel=\"noopener\">RESERVIEREN SIE EIN DATUM<\/a> \u00a0<strong>CHF 118.00<\/strong>\/Pers.<\/td><\/tr><tr><td><a href=\"https:\/\/swissraft.outdoorbooking.ch:443\/fo\/products\/2193?base_id=7&amp;category_id=1&amp;order_type=gift_voucher&amp;lang=de\" target=\"_blank\" rel=\"noopener\"><button class=\"elementor-button\" type=\"button\">GUTSCHEIN \/ TICKET KAUFEN<\/button><\/a><\/td><td style=\"text-align: left;\"><a href=\"https:\/\/swissraft.outdoorbooking.ch:443\/fo\/products\/2193?base_id=7&amp;category_id=1&amp;order_type=event&amp;lang=de\" target=\"_blank\" rel=\"noopener\">RESERVIEREN SIE EIN DATUM<\/a> \u00a0<strong>CHF 769.00<\/strong>\/Privatboot (3-7 Pers.)<\/td><\/tr><\/tbody><\/table><table border=\"0\" width=\"580\" cellspacing=\"10\" cellpadding=\"10\"><tbody><tr><td width=\"50%\"><strong>2) RAFTING &#8211; RIVER RAFTING &#8211; INN &#8211; Giarsunschlucht + Getr\u00e4nk<\/strong><\/td><td><strong>CHF 143.00 pro Person<span class=\"productPrice\"><br \/><\/span><\/strong><\/td><\/tr><tr><td>Zus\u00e4tzliche Informationen<\/td><td><span class=\"patt\"><span class=\"plbl\">&#8211; Ab<\/span> 10 Pers. : <strong>CHF 128.70<\/strong>\/Pers.<strong><br \/><\/strong>&#8211; Ab 20 Pers. : <strong>CHF 124.41<\/strong>\/Pers.<strong><br \/><\/strong>&#8211; Ab 30 Pers. :<strong>\u00a0CHF 220.98<\/strong>\/Pers.<br \/>&#8211; Mindestalter : 14 j\u00e4hrig<br \/><span class=\"plbl\">&#8211; Schulpreis : <span class=\"patt\" style=\"font-family: inherit; font-size: inherit;\"><a href=\"https:\/\/www.swissraft.ch\/de\/kontakt\/\">Kontaktieren Sie uns<\/a><br \/>&#8211; Privates Rafting (3-7 Pers.) : <strong>CHF 789.00<\/strong>\/raft<\/span><\/span><br \/><\/span><\/td><\/tr><tr><td>Strecke<\/td><td><strong>Susch-Ardez<\/strong><\/td><\/tr><tr><td>Startzeit<\/td><td>13:20 Uhr<\/td><\/tr><tr><td>Rafting<\/td><td>ca. 1:50 Std.<\/td><\/tr><tr><td>Gesamtdauer<\/td><td>ca. 3,5 Std.<\/td><\/tr><tr><td>Treffpunkt<\/td><td><span style=\"color: #ff6600;\"><a href=\"https:\/\/www.google.com\/maps\/place\/46%C2%B047'42.3%22N+10%C2%B017'19.5%22E\/@46.7953257,10.2843511,773m\/data=!3m1!1e3!4m4!3m3!8m2!3d46.7950833!4d10.28875?entry=ttu\" target=\"_blank\" rel=\"noopener\">Scuol<\/a><\/span><\/td><\/tr><tr><td>Schwierigkeitsgrad<\/td><td>3-4+<\/td><\/tr><tr><td><button class=\"elementor-button\" type=\"button\"><a href=\"https:\/\/swissraft.outdoorbooking.ch\/fo\/products\/303?base_id=2&amp;category_id=1&amp;order_type=gift_voucher&amp;lang=de\" target=\"_blank\" rel=\"noopener\">GUTSCHEIN \/ TICKET KAUFEN<\/a><\/button><\/td><td><a href=\"https:\/\/swissraft.outdoorbooking.ch\/fo\/products\/237?base_id=7&amp;category_id=1&amp;order_type=event&amp;lang=de\" target=\"_blank\" rel=\"noopener\">RESERVIEREN SIE EIN DATUM<\/a> <strong>CHF 143.00<\/strong>\/Pers.<\/td><\/tr><tr><td><a href=\"https:\/\/swissraft.outdoorbooking.ch:443\/fo\/products\/2194?base_id=7&amp;category_id=1&amp;order_type=gift_voucher&amp;lang=de\"><button class=\"elementor-button\" type=\"button\">GUTSCHEIN \/ TICKET KAUFEN<\/button><\/a><\/td><td style=\"text-align: left;\"><a href=\"https:\/\/swissraft.outdoorbooking.ch:443\/fo\/products\/2194?base_id=7&amp;category_id=1&amp;order_type=event&amp;lang=de\" target=\"_blank\" rel=\"noopener\">RESERVIEREN SIE EIN DATUM<\/a>\u00a0 <strong>CHF 769.00<\/strong>\/Privatboot (3-7 Pers.)<\/td><\/tr><\/tbody><\/table><table border=\"0\" width=\"580\" cellspacing=\"10\" cellpadding=\"10\"><tbody><tr><td width=\"50%\"><strong>3) RAFTING &#8211; RIVER RAFTING &#8211; INN &#8211; Scuol- und Giarsun-Schlucht &#8211; Tagestour + BBQ<\/strong><\/td><td><strong><span class=\"productPrice\">CHF 254.00 pro Person<\/span><\/strong><\/td><\/tr><tr><td>Zus\u00e4tzliche Informationen<\/td><td><span class=\"patt\"><span class=\"plbl\">&#8211; Ab<\/span> 10 pers. : <strong>CHF 238.76<\/strong>\/Pers.<strong><br \/><\/strong>&#8211; Ab 20 pers. : <strong>CHF 228.60<\/strong>\/Pers.<strong><br \/>&#8211; <\/strong>Ab 30 pers. : <strong>CHF 218.44<\/strong>\/Pers.<br \/>&#8211; Mindestalter : 14 j\u00e4hrig<br \/><span class=\"plbl\">&#8211; Schulpreis : <span class=\"patt\" style=\"font-family: inherit; font-size: inherit;\"><a href=\"https:\/\/www.swissraft.ch\/de\/kontakt\/\">Kontaktieren Sie uns<\/a><br \/>&#8211; Privates Rafting (3-7 Pers.) : <strong>CHF 1450.00<\/strong>\/raft<br \/><\/span><\/span><\/span><\/td><\/tr><tr><td>Strecke<\/td><td><strong>Scuol-Pradella<br \/><\/strong><strong>Susch-Ardez<\/strong><\/td><\/tr><tr><td>Startzeit<\/td><td>10:20 Uhr<\/td><\/tr><tr><td>Rafting<\/td><td>ca. 2,5 Std.<\/td><\/tr><tr><td>Gesamtdauer<\/td><td>ca. 5,5 Std.<\/td><\/tr><tr><td>Treffpunkt<\/td><td><span style=\"color: #ff6600;\"><a href=\"https:\/\/www.google.com\/maps\/place\/46%C2%B047'42.3%22N+10%C2%B017'19.5%22E\/@46.7953257,10.2843511,773m\/data=!3m1!1e3!4m4!3m3!8m2!3d46.7950833!4d10.28875?entry=ttu\" target=\"_blank\" rel=\"noopener\">Scuol<\/a><\/span><\/td><\/tr><tr><td>Schwierigkeitsgrad<\/td><td>3-4+<\/td><\/tr><tr><td><button class=\"elementor-button\" type=\"button\"><a href=\"https:\/\/swissraft.outdoorbooking.ch\/fo\/products\/238?base_id=7&amp;category_id=1&amp;order_type=gift_voucher&amp;lang=de\" target=\"_blank\" rel=\"noopener\">GUTSCHEIN \/ TICKET KAUFEN<\/a><\/button><\/td><td><a href=\"https:\/\/swissraft.outdoorbooking.ch\/fo\/products\/238?base_id=7&amp;category_id=1&amp;order_type=event&amp;lang=de\" target=\"_blank\" rel=\"noopener\">RESERVIEREN SIE EIN DATUM<\/a>\u00a0 <strong>CHF 254.00<\/strong>\/Pers.<\/td><\/tr><tr><td><a href=\"https:\/\/swissraft.outdoorbooking.ch:443\/fo\/products\/2195?base_id=7&amp;category_id=1&amp;order_type=gift_voucher&amp;lang=de\" target=\"_blank\" rel=\"noopener\"><button class=\"elementor-button\" type=\"button\">GUTSCHEIN \/ TICKET KAUFEN<\/button><\/a><\/td><td style=\"text-align: left;\"><a href=\"https:\/\/swissraft.outdoorbooking.ch:443\/fo\/products\/2195?base_id=7&amp;category_id=1&amp;order_type=event&amp;lang=de\" target=\"_blank\" rel=\"noopener\">RESERVIEREN SIE EIN DATUM<\/a>\u00a0 <strong>CHF 1450.00<\/strong>\/Privatboot (3-7 Pers.)<\/td><\/tr><\/tbody><\/table>\t\t\t\t\t\t<\/div>\n\t\t\t\t<\/div>\n\t\t\t\t\t<\/div>\n\t\t<\/div>\n\t\t\t\t\t\t\t<\/div>\n\t\t<\/section>\n\t\t\t\t\t\t\t<\/div>\n\t\t","protected":false},"excerpt":{"rendered":"<div align=\"justify\">\n<h2 align=\"justify\">River Rafting auf dem Inn in Graub\u00fcnden, Riverrafting auf der K\u00f6nigin der Fl\u00fcsse<\/h2>\n<h3>Eine Rafting-Tour auf dem Fluss Inn f\u00fcr diejenigen, die Action lieben.<\/h3>\n<\/div>\n<div align=\"justify\">\n<p><strong>Rafting<\/strong> auf dem Inn im Engadin. Einerseits bietet Ihnen die K\u00f6nigin der Alpenfl\u00fcsse im Unterengadin zwischen Susch und Pradella ein gro\u00dfes Abenteuer. Andererseits erfordert dieser sportliche Weg von Ihnen Engagement und Disziplin. Auch f\u00fcr <strong>Rafting-Fans<\/strong> bietet dieser Fluss alles, was das Herz begehrt. Um Ihren Appetit und Ihre Kondition zu steigern, fahren Sie am Morgen durch die sch\u00f6ne Schlucht von Scuol. Am Nachmittag fahren Sie die Giarsun-Schlucht hinunter, f\u00fcr die dieser Fluss ber\u00fchmt ist.<\/p>\n<\/div>\n<h3>Die Alternativen zum Rafting auf dem Inn in Graub\u00fcnden sind vielf\u00e4ltig.<\/h3>\n<p id=\"textarea\" style=\"display: none;\">\nWir bieten <strong>Rafting<\/strong> in Graub\u00fcnden auf dem Rhein zwischen Ilanz und Reichenau mit dem Swiss Grand Canyon an. Swissraft bietet auch <strong>Riverrafting<\/strong> auf der Saane im Pays d&#8217;Enhaut an. Aber auch Rafting auf der Rhone, der Vispa und der Dranse de Bagnes in Sembrancher im Wallis. Au\u00dferdem bieten wir <strong>Riverrafting<\/strong> auf der L\u00fctschine bei Interlaken im Berner Oberland, <strong>Rafting<\/strong> auf der Simme und Rafting auf der Dranse in Hochsavoyen bei Thonon les Bains in der N\u00e4he von Genf an. Und immer noch im benachbarten Frankreich <strong>Rafting<\/strong> auf dem Doron de Bozel und Rafting auf der Is\u00e8re in Savoyen.<br \/>\nAu\u00dferdem bieten wir auch ein etwas sanfteres Abenteuer auf dem Inn mit <strong>Familien-Rafting<\/strong> an.\n<\/p>\n<p><a id=\"seeMore\" onclick=\"toggleSeeMore()\" href=\"javascript:void(0);\">Lesen Sie mehr<\/a><\/p>\n","protected":false},"featured_media":109493,"comment_status":"open","ping_status":"closed","template":"","meta":{"inline_featured_image":false,"_mi_skip_tracking":false},"product_cat":[251,343],"product_tag":[],"class_list":["post-109449","product","type-product","status-publish","has-post-thumbnail","hentry","product_cat-rafting-river-rafting-in-der-schweiz","product_cat-rafting-river-rafting-graubuenden-vorderrhein-rhein-inn"],"yoast_head":"<!-- This site is optimized with the Yoast SEO plugin v23.6 - https:\/\/yoast.com\/wordpress\/plugins\/seo\/ -->\n<title>Riverrafting Inn im Engadin in der Scuoler und Giarsunschlucht<\/title>\n<meta name=\"description\" content=\"Riverrafting Inn im Engadin. Riverrafting im Engadin zwischen Susch und Pradella in Graub\u00fcnden, die Inn die K\u00f6nigin der Fl\u00fcsse in den B\u00fcndner Alpen.\" \/>\n<meta name=\"robots\" content=\"index, follow, max-snippet:-1, max-image-preview:large, max-video-preview:-1\" \/>\n<link rel=\"canonical\" href=\"https:\/\/www.swissraft.ch\/de\/produkt\/rafting-river-rafting-inn-graubuenden-engadin-susch-pradella\/\" \/>\n<meta property=\"og:locale\" content=\"de_DE\" \/>\n<meta property=\"og:type\" content=\"article\" \/>\n<meta property=\"og:title\" content=\"Riverrafting Inn im Engadin in der Scuoler und Giarsunschlucht\" \/>\n<meta property=\"og:description\" content=\"Riverrafting Inn im Engadin. Riverrafting im Engadin zwischen Susch und Pradella in Graub\u00fcnden, die Inn die K\u00f6nigin der Fl\u00fcsse in den B\u00fcndner Alpen.\" \/>\n<meta property=\"og:url\" content=\"https:\/\/www.swissraft.ch\/de\/produkt\/rafting-river-rafting-inn-graubuenden-engadin-susch-pradella\/\" \/>\n<meta property=\"og:site_name\" content=\"Swissraft\" \/>\n<meta property=\"article:modified_time\" content=\"2026-04-08T21:53:18+00:00\" \/>\n<meta property=\"og:image\" content=\"https:\/\/www.swissraft.ch\/wp-content\/uploads\/2025\/02\/1-Inn-776x776-1.jpg\" \/>\n\t<meta property=\"og:image:width\" content=\"776\" \/>\n\t<meta property=\"og:image:height\" content=\"776\" \/>\n\t<meta property=\"og:image:type\" content=\"image\/jpeg\" \/>\n<meta name=\"twitter:card\" content=\"summary_large_image\" \/>\n<meta name=\"twitter:label1\" content=\"Gesch\u00e4tzte Lesezeit\" \/>\n\t<meta name=\"twitter:data1\" content=\"2\u00a0Minuten\" \/>\n<script type=\"application\/ld+json\" class=\"yoast-schema-graph\">{\"@context\":\"https:\/\/schema.org\",\"@graph\":[{\"@type\":\"WebPage\",\"@id\":\"https:\/\/www.swissraft.ch\/de\/produkt\/rafting-river-rafting-inn-graubuenden-engadin-susch-pradella\/\",\"url\":\"https:\/\/www.swissraft.ch\/de\/produkt\/rafting-river-rafting-inn-graubuenden-engadin-susch-pradella\/\",\"name\":\"Riverrafting Inn im Engadin in der Scuoler und Giarsunschlucht\",\"isPartOf\":{\"@id\":\"https:\/\/www.swissraft.ch\/de\/#website\"},\"primaryImageOfPage\":{\"@id\":\"https:\/\/www.swissraft.ch\/de\/produkt\/rafting-river-rafting-inn-graubuenden-engadin-susch-pradella\/#primaryimage\"},\"image\":{\"@id\":\"https:\/\/www.swissraft.ch\/de\/produkt\/rafting-river-rafting-inn-graubuenden-engadin-susch-pradella\/#primaryimage\"},\"thumbnailUrl\":\"https:\/\/www.swissraft.ch\/wp-content\/uploads\/2025\/02\/1-Inn-776x776-1.jpg\",\"datePublished\":\"2025-02-02T23:01:06+00:00\",\"dateModified\":\"2026-04-08T21:53:18+00:00\",\"description\":\"Riverrafting Inn im Engadin. Riverrafting im Engadin zwischen Susch und Pradella in Graub\u00fcnden, die Inn die K\u00f6nigin der Fl\u00fcsse in den B\u00fcndner Alpen.\",\"breadcrumb\":{\"@id\":\"https:\/\/www.swissraft.ch\/de\/produkt\/rafting-river-rafting-inn-graubuenden-engadin-susch-pradella\/#breadcrumb\"},\"inLanguage\":\"de\",\"potentialAction\":[{\"@type\":\"ReadAction\",\"target\":[\"https:\/\/www.swissraft.ch\/de\/produkt\/rafting-river-rafting-inn-graubuenden-engadin-susch-pradella\/\"]}]},{\"@type\":\"ImageObject\",\"inLanguage\":\"de\",\"@id\":\"https:\/\/www.swissraft.ch\/de\/produkt\/rafting-river-rafting-inn-graubuenden-engadin-susch-pradella\/#primaryimage\",\"url\":\"https:\/\/www.swissraft.ch\/wp-content\/uploads\/2025\/02\/1-Inn-776x776-1.jpg\",\"contentUrl\":\"https:\/\/www.swissraft.ch\/wp-content\/uploads\/2025\/02\/1-Inn-776x776-1.jpg\",\"width\":776,\"height\":776,\"caption\":\"Rafting auf dem Inn in Graub\u00fcnden im Engadin\"},{\"@type\":\"BreadcrumbList\",\"@id\":\"https:\/\/www.swissraft.ch\/de\/produkt\/rafting-river-rafting-inn-graubuenden-engadin-susch-pradella\/#breadcrumb\",\"itemListElement\":[{\"@type\":\"ListItem\",\"position\":1,\"name\":\"Accueil\",\"item\":\"https:\/\/www.swissraft.ch\/de\/\"},{\"@type\":\"ListItem\",\"position\":2,\"name\":\"Shop\",\"item\":\"https:\/\/www.swissraft.ch\/de\/shop\/\"},{\"@type\":\"ListItem\",\"position\":3,\"name\":\"Rafting oder River Rafting in Graub\u00fcnden &#8211; Der Inn &#8211; Engadin &#8211; Susch-Pradella &#8211; Ab CHF 103.50\"}]},{\"@type\":\"WebSite\",\"@id\":\"https:\/\/www.swissraft.ch\/de\/#website\",\"url\":\"https:\/\/www.swissraft.ch\/de\/\",\"name\":\"Swissraft\",\"description\":\"To enjoy nature as it is\",\"publisher\":{\"@id\":\"https:\/\/www.swissraft.ch\/de\/#organization\"},\"potentialAction\":[{\"@type\":\"SearchAction\",\"target\":{\"@type\":\"EntryPoint\",\"urlTemplate\":\"https:\/\/www.swissraft.ch\/de\/?s={search_term_string}\"},\"query-input\":{\"@type\":\"PropertyValueSpecification\",\"valueRequired\":true,\"valueName\":\"search_term_string\"}}],\"inLanguage\":\"de\"},{\"@type\":\"Organization\",\"@id\":\"https:\/\/www.swissraft.ch\/de\/#organization\",\"name\":\"Swissraft\",\"url\":\"https:\/\/www.swissraft.ch\/de\/\",\"logo\":{\"@type\":\"ImageObject\",\"inLanguage\":\"de\",\"@id\":\"https:\/\/www.swissraft.ch\/de\/#\/schema\/logo\/image\/\",\"url\":\"https:\/\/www.swissraft.ch\/wp-content\/uploads\/2025\/09\/Capture.jpg\",\"contentUrl\":\"https:\/\/www.swissraft.ch\/wp-content\/uploads\/2025\/09\/Capture.jpg\",\"width\":293,\"height\":108,\"caption\":\"Swissraft\"},\"image\":{\"@id\":\"https:\/\/www.swissraft.ch\/de\/#\/schema\/logo\/image\/\"}}]}<\/script>\n<!-- \/ Yoast SEO plugin. -->","yoast_head_json":{"title":"Riverrafting Inn im Engadin in der Scuoler und Giarsunschlucht","description":"Riverrafting Inn im Engadin. Riverrafting im Engadin zwischen Susch und Pradella in Graub\u00fcnden, die Inn die K\u00f6nigin der Fl\u00fcsse in den B\u00fcndner Alpen.","robots":{"index":"index","follow":"follow","max-snippet":"max-snippet:-1","max-image-preview":"max-image-preview:large","max-video-preview":"max-video-preview:-1"},"canonical":"https:\/\/www.swissraft.ch\/de\/produkt\/rafting-river-rafting-inn-graubuenden-engadin-susch-pradella\/","og_locale":"de_DE","og_type":"article","og_title":"Riverrafting Inn im Engadin in der Scuoler und Giarsunschlucht","og_description":"Riverrafting Inn im Engadin. Riverrafting im Engadin zwischen Susch und Pradella in Graub\u00fcnden, die Inn die K\u00f6nigin der Fl\u00fcsse in den B\u00fcndner Alpen.","og_url":"https:\/\/www.swissraft.ch\/de\/produkt\/rafting-river-rafting-inn-graubuenden-engadin-susch-pradella\/","og_site_name":"Swissraft","article_modified_time":"2026-04-08T21:53:18+00:00","og_image":[{"width":776,"height":776,"url":"https:\/\/www.swissraft.ch\/wp-content\/uploads\/2025\/02\/1-Inn-776x776-1.jpg","type":"image\/jpeg"}],"twitter_card":"summary_large_image","twitter_misc":{"Gesch\u00e4tzte Lesezeit":"2\u00a0Minuten"},"schema":{"@context":"https:\/\/schema.org","@graph":[{"@type":"WebPage","@id":"https:\/\/www.swissraft.ch\/de\/produkt\/rafting-river-rafting-inn-graubuenden-engadin-susch-pradella\/","url":"https:\/\/www.swissraft.ch\/de\/produkt\/rafting-river-rafting-inn-graubuenden-engadin-susch-pradella\/","name":"Riverrafting Inn im Engadin in der Scuoler und Giarsunschlucht","isPartOf":{"@id":"https:\/\/www.swissraft.ch\/de\/#website"},"primaryImageOfPage":{"@id":"https:\/\/www.swissraft.ch\/de\/produkt\/rafting-river-rafting-inn-graubuenden-engadin-susch-pradella\/#primaryimage"},"image":{"@id":"https:\/\/www.swissraft.ch\/de\/produkt\/rafting-river-rafting-inn-graubuenden-engadin-susch-pradella\/#primaryimage"},"thumbnailUrl":"https:\/\/www.swissraft.ch\/wp-content\/uploads\/2025\/02\/1-Inn-776x776-1.jpg","datePublished":"2025-02-02T23:01:06+00:00","dateModified":"2026-04-08T21:53:18+00:00","description":"Riverrafting Inn im Engadin. Riverrafting im Engadin zwischen Susch und Pradella in Graub\u00fcnden, die Inn die K\u00f6nigin der Fl\u00fcsse in den B\u00fcndner Alpen.","breadcrumb":{"@id":"https:\/\/www.swissraft.ch\/de\/produkt\/rafting-river-rafting-inn-graubuenden-engadin-susch-pradella\/#breadcrumb"},"inLanguage":"de","potentialAction":[{"@type":"ReadAction","target":["https:\/\/www.swissraft.ch\/de\/produkt\/rafting-river-rafting-inn-graubuenden-engadin-susch-pradella\/"]}]},{"@type":"ImageObject","inLanguage":"de","@id":"https:\/\/www.swissraft.ch\/de\/produkt\/rafting-river-rafting-inn-graubuenden-engadin-susch-pradella\/#primaryimage","url":"https:\/\/www.swissraft.ch\/wp-content\/uploads\/2025\/02\/1-Inn-776x776-1.jpg","contentUrl":"https:\/\/www.swissraft.ch\/wp-content\/uploads\/2025\/02\/1-Inn-776x776-1.jpg","width":776,"height":776,"caption":"Rafting auf dem Inn in Graub\u00fcnden im Engadin"},{"@type":"BreadcrumbList","@id":"https:\/\/www.swissraft.ch\/de\/produkt\/rafting-river-rafting-inn-graubuenden-engadin-susch-pradella\/#breadcrumb","itemListElement":[{"@type":"ListItem","position":1,"name":"Accueil","item":"https:\/\/www.swissraft.ch\/de\/"},{"@type":"ListItem","position":2,"name":"Shop","item":"https:\/\/www.swissraft.ch\/de\/shop\/"},{"@type":"ListItem","position":3,"name":"Rafting oder River Rafting in Graub\u00fcnden &#8211; Der Inn &#8211; Engadin &#8211; Susch-Pradella &#8211; Ab CHF 103.50"}]},{"@type":"WebSite","@id":"https:\/\/www.swissraft.ch\/de\/#website","url":"https:\/\/www.swissraft.ch\/de\/","name":"Swissraft","description":"To enjoy nature as it is","publisher":{"@id":"https:\/\/www.swissraft.ch\/de\/#organization"},"potentialAction":[{"@type":"SearchAction","target":{"@type":"EntryPoint","urlTemplate":"https:\/\/www.swissraft.ch\/de\/?s={search_term_string}"},"query-input":{"@type":"PropertyValueSpecification","valueRequired":true,"valueName":"search_term_string"}}],"inLanguage":"de"},{"@type":"Organization","@id":"https:\/\/www.swissraft.ch\/de\/#organization","name":"Swissraft","url":"https:\/\/www.swissraft.ch\/de\/","logo":{"@type":"ImageObject","inLanguage":"de","@id":"https:\/\/www.swissraft.ch\/de\/#\/schema\/logo\/image\/","url":"https:\/\/www.swissraft.ch\/wp-content\/uploads\/2025\/09\/Capture.jpg","contentUrl":"https:\/\/www.swissraft.ch\/wp-content\/uploads\/2025\/09\/Capture.jpg","width":293,"height":108,"caption":"Swissraft"},"image":{"@id":"https:\/\/www.swissraft.ch\/de\/#\/schema\/logo\/image\/"}}]}},"_links":{"self":[{"href":"https:\/\/www.swissraft.ch\/de\/wp-json\/wp\/v2\/product\/109449","targetHints":{"allow":["GET"]}}],"collection":[{"href":"https:\/\/www.swissraft.ch\/de\/wp-json\/wp\/v2\/product"}],"about":[{"href":"https:\/\/www.swissraft.ch\/de\/wp-json\/wp\/v2\/types\/product"}],"replies":[{"embeddable":true,"href":"https:\/\/www.swissraft.ch\/de\/wp-json\/wp\/v2\/comments?post=109449"}],"version-history":[{"count":197,"href":"https:\/\/www.swissraft.ch\/de\/wp-json\/wp\/v2\/product\/109449\/revisions"}],"predecessor-version":[{"id":138310,"href":"https:\/\/www.swissraft.ch\/de\/wp-json\/wp\/v2\/product\/109449\/revisions\/138310"}],"wp:featuredmedia":[{"embeddable":true,"href":"https:\/\/www.swissraft.ch\/de\/wp-json\/wp\/v2\/media\/109493"}],"wp:attachment":[{"href":"https:\/\/www.swissraft.ch\/de\/wp-json\/wp\/v2\/media?parent=109449"}],"wp:term":[{"taxonomy":"product_cat","embeddable":true,"href":"https:\/\/www.swissraft.ch\/de\/wp-json\/wp\/v2\/product_cat?post=109449"},{"taxonomy":"product_tag","embeddable":true,"href":"https:\/\/www.swissraft.ch\/de\/wp-json\/wp\/v2\/product_tag?post=109449"}],"curies":[{"name":"wp","href":"https:\/\/api.w.org\/{rel}","templated":true}]}}