{"id":92006,"date":"2023-05-21T15:39:39","date_gmt":"2023-05-21T13:39:39","guid":{"rendered":"https:\/\/swissraft.xyanzkdne.eu\/allgemeine-geschaeftsbedingungen\/"},"modified":"2025-05-31T16:44:18","modified_gmt":"2025-05-31T14:44:18","slug":"allgemeine-geschaeftsbedingungen","status":"publish","type":"page","link":"https:\/\/www.swissraft.ch\/de\/allgemeine-geschaeftsbedingungen\/","title":{"rendered":"Allgemeine Verkaufs- und Buchungsbedingungen"},"content":{"rendered":"<div align=\"justify\">\n<p>&#8211; Eine Buchung oder der Kauf eines Geschenkgutscheins\/Tickets ist verbindlich.<br \/>\n&#8211; Aus Sicherheitsgr\u00fcnden kann eine Aktivit\u00e4t abgesagt oder verschoben werden.<br \/>\n&#8211; Bei gesundheitlichen Problemen wenden Sie sich bitte an einen Verantwortlichen von Swissraft.<br \/>\n&#8211; F\u00fcr einige Aktivit\u00e4ten wird empfohlen, dass Sie schwimmen k\u00f6nnen.<br \/>\n&#8211; Wildwasser- und Bungee-Aktivit\u00e4ten sind w\u00e4hrend einer Schwangerschaft nicht m\u00f6glich.<br \/>\n&#8211; Wir \u00fcbernehmen keine Verantwortung f\u00fcr Wertsachen, Brillen, Kameras usw., die Sie mitbringen.<br \/>\n&#8211; Das Unternehmen beh\u00e4lt sich das Recht vor, seine Preise und \u00d6ffnungszeiten zu \u00e4ndern.<br \/>\n&#8211; Bitte beachten Sie die Altersgrenze f\u00fcr die einzelnen Aktivit\u00e4ten.<br \/>\n<span style=\"font-size: 1rem;\"><em><strong>&#8211; <\/strong><\/em>Der K\u00e4ufer oder Empf\u00e4nger eines Gutscheins von Swissraft Services Int. akzeptiert automatisch unsere Allgemeinen Gesch\u00e4ftsbedingungen.<em><strong><br \/>\n<\/strong><\/em><\/span><strong style=\"font-size: 1rem;\"><span style=\"color: #339966;\"><em>&#8211; Ein Geschenkgutschein ist zwei Jahre lang g\u00fcltig.<br \/>\n<\/em><\/span><\/strong><strong style=\"font-size: 1rem;\"><span style=\"color: #339966;\"><em>&#8211; Nach Ablauf dieser Frist wird eine eventuelle Preiserh\u00f6hung des Gutscheins in Rechnung gestellt.<br \/>\n<\/em><\/span><\/strong><strong style=\"font-size: 1rem;\"><span style=\"color: #339966;\"><em>&#8211; Verl\u00e4ngerung von ONLINE-Gutscheinen (max. 8 Jahre): CHF 25.00 (Verwaltungsgeb\u00fchr) pro Jahr.<br \/>\n<\/em><\/span><\/strong><strong style=\"font-size: 1rem;\"><span style=\"color: #339966;\"><em>&#8211; Eine GU ist kostenlos austauschbar.<br \/>\n<\/em><\/span><\/strong><strong style=\"font-size: 1rem;\"><span style=\"color: #339966;\"><em>&#8211; Ein GU kann innerhalb von 5 Tagen nach seiner Bestellung kostenfrei storniert werden.<br \/>\n<\/em><\/span><\/strong><strong style=\"font-size: 1rem;\"><span style=\"color: #339966;\"><em>&#8211; Nach Ablauf von 5 Tagen werden 20% des Wertes des GU einbehalten, wenn der GU g\u00fcltig ist.<br \/>\n<\/em><\/span><\/strong><strong style=\"font-size: 1rem;\"><span style=\"color: #339966;\"><em>&#8211; Die Unfallversicherung ist Sache der Teilnehmer.<br \/>\n<\/em><\/span><\/strong><strong style=\"font-size: 1rem;\"><span style=\"color: #339966;\"><em>&#8211; Swissraft hat eine Haftpflichtversicherung.<br \/>\n<\/em><\/span><\/strong><strong style=\"font-size: 1rem;\"><span style=\"color: #339966;\"><em>&#8211; Im Falle von Streitigkeiten ist ausschlie\u00dflich das Gericht von Bellinzona zust\u00e4ndig.<\/em><\/span><\/strong><\/p>\n<p>Im Falle der Stornierung einer Buchung gelten die folgenden Abz\u00fcge :<br \/>\n<span style=\"color: #3366ff;\"><em><strong>&#8211; 60 Tage und mehr vor der Abreise: Fr. 150.pro Buchungspaket.<\/strong><\/em><\/span><br \/>\n<span style=\"color: #3366ff;\"><em><strong>&#8211; 59 bis 30 Tage: 30% des Buchungsbetrags.<\/strong><\/em><\/span><br \/>\n<span style=\"color: #3366ff;\"><em><strong>&#8211; 29 bis 10 Tage: 60% des Gesamtbetrages der Buchung.<\/strong><\/em><\/span><br \/>\n<span style=\"color: #3366ff;\"><em><strong>&#8211; 9 bis 1 Tag: 100% des Gesamtbetrages der Buchung.<\/strong><\/em><\/span><br \/>\n<span style=\"color: #3366ff;\"><em><strong>&#8211; Am selben Tag wird der Gesamtbetrag der Buchung einbehalten.<\/strong><\/em><\/span><br \/>\n<span style=\"color: #3366ff;\"><em><strong>&#8211; Selbstverst\u00e4ndlich k\u00f6nnen Sie eine Ersatzperson finden.<\/strong><\/em><\/span><\/p>\n<p>&#8211; F\u00fcr gro\u00dfe Veranstaltungen k\u00f6nnen besondere Stornierungs-\/\u00c4nderungsbedingungen vereinbart werden.<\/p>\n<p style=\"color: red;\"><strong>WICHTIG<\/strong><br \/>\n<strong>Eine Stornierung oder \u00c4nderung Ihrer Buchung kann nur per Telefon zu folgenden Zeiten erfolgen: Montag bis Freitag von 15.30 bis 17.30 Uhr. STORNIERUNGEN ODER \u00c4NDERUNGEN, DIE PER E-MAIL ERFOLGEN, WERDEN NICHT BER\u00dcCKSICHTIGT.<\/strong><\/p>\n<\/div>\n","protected":false},"excerpt":{"rendered":"<p>&#8211; Eine Buchung oder der Kauf eines Geschenkgutscheins\/Tickets ist verbindlich. &#8211; Aus Sicherheitsgr\u00fcnden kann eine Aktivit\u00e4t abgesagt oder verschoben werden. &#8211; Bei gesundheitlichen Problemen wenden Sie sich bitte an einen Verantwortlichen von Swissraft. &#8211; F\u00fcr einige Aktivit\u00e4ten wird empfohlen, dass Sie schwimmen k\u00f6nnen. &#8211; Wildwasser- und Bungee-Aktivit\u00e4ten sind w\u00e4hrend einer Schwangerschaft nicht m\u00f6glich. &#8211; Wir &hellip; <span class=\"more-link-wrap\"><a href=\"https:\/\/www.swissraft.ch\/de\/allgemeine-geschaeftsbedingungen\/\" class=\"more-link\"><span>Read More<span class=\"screen-reader-text\"> &#8222;Allgemeine Verkaufs- und Buchungsbedingungen&#8220;<\/span><\/span><\/a><\/span><\/p>\n","protected":false},"author":1,"featured_media":0,"parent":0,"menu_order":0,"comment_status":"closed","ping_status":"open","template":"","meta":{"inline_featured_image":false,"_mi_skip_tracking":false,"footnotes":""},"class_list":["post-92006","page","type-page","status-publish","hentry"],"yoast_head":"<!-- This site is optimized with the Yoast SEO plugin v23.6 - https:\/\/yoast.com\/wordpress\/plugins\/seo\/ -->\n<title>Allgemeine Verkaufs- und Buchungsbedingungen<\/title>\n<meta name=\"description\" content=\"Allgemeine Gesch\u00e4ftsbedingungen f\u00fcr den Verkauf und die Buchung einer Aktivit\u00e4t bei Swissraft Services International. Nur per E-Mail\" \/>\n<meta name=\"robots\" content=\"index, follow, max-snippet:-1, max-image-preview:large, max-video-preview:-1\" \/>\n<link rel=\"canonical\" href=\"https:\/\/www.swissraft.ch\/de\/allgemeine-geschaeftsbedingungen\/\" \/>\n<meta property=\"og:locale\" content=\"de_DE\" \/>\n<meta property=\"og:type\" content=\"article\" \/>\n<meta property=\"og:title\" content=\"Allgemeine Verkaufs- und Buchungsbedingungen\" \/>\n<meta property=\"og:description\" content=\"Allgemeine Gesch\u00e4ftsbedingungen f\u00fcr den Verkauf und die Buchung einer Aktivit\u00e4t bei Swissraft Services International. Nur per E-Mail\" \/>\n<meta property=\"og:url\" content=\"https:\/\/www.swissraft.ch\/de\/allgemeine-geschaeftsbedingungen\/\" \/>\n<meta property=\"og:site_name\" content=\"Swissraft\" \/>\n<meta property=\"article:modified_time\" content=\"2025-05-31T14:44:18+00:00\" \/>\n<meta name=\"twitter:card\" content=\"summary_large_image\" \/>\n<meta name=\"twitter:label1\" content=\"Gesch\u00e4tzte Lesezeit\" \/>\n\t<meta name=\"twitter:data1\" content=\"2\u00a0Minuten\" \/>\n<script type=\"application\/ld+json\" class=\"yoast-schema-graph\">{\"@context\":\"https:\/\/schema.org\",\"@graph\":[{\"@type\":\"WebPage\",\"@id\":\"https:\/\/www.swissraft.ch\/de\/allgemeine-geschaeftsbedingungen\/\",\"url\":\"https:\/\/www.swissraft.ch\/de\/allgemeine-geschaeftsbedingungen\/\",\"name\":\"Allgemeine Verkaufs- und Buchungsbedingungen\",\"isPartOf\":{\"@id\":\"https:\/\/www.swissraft.ch\/de\/#website\"},\"datePublished\":\"2023-05-21T13:39:39+00:00\",\"dateModified\":\"2025-05-31T14:44:18+00:00\",\"description\":\"Allgemeine Gesch\u00e4ftsbedingungen f\u00fcr den Verkauf und die Buchung einer Aktivit\u00e4t bei Swissraft Services International. Nur per E-Mail\",\"breadcrumb\":{\"@id\":\"https:\/\/www.swissraft.ch\/de\/allgemeine-geschaeftsbedingungen\/#breadcrumb\"},\"inLanguage\":\"de\",\"potentialAction\":[{\"@type\":\"ReadAction\",\"target\":[\"https:\/\/www.swissraft.ch\/de\/allgemeine-geschaeftsbedingungen\/\"]}]},{\"@type\":\"BreadcrumbList\",\"@id\":\"https:\/\/www.swissraft.ch\/de\/allgemeine-geschaeftsbedingungen\/#breadcrumb\",\"itemListElement\":[{\"@type\":\"ListItem\",\"position\":1,\"name\":\"Accueil\",\"item\":\"https:\/\/www.swissraft.ch\/de\/\"},{\"@type\":\"ListItem\",\"position\":2,\"name\":\"Allgemeine Verkaufs- und Buchungsbedingungen\"}]},{\"@type\":\"WebSite\",\"@id\":\"https:\/\/www.swissraft.ch\/de\/#website\",\"url\":\"https:\/\/www.swissraft.ch\/de\/\",\"name\":\"Swissraft\",\"description\":\"To enjoy nature as it is\",\"publisher\":{\"@id\":\"https:\/\/www.swissraft.ch\/de\/#organization\"},\"potentialAction\":[{\"@type\":\"SearchAction\",\"target\":{\"@type\":\"EntryPoint\",\"urlTemplate\":\"https:\/\/www.swissraft.ch\/de\/?s={search_term_string}\"},\"query-input\":{\"@type\":\"PropertyValueSpecification\",\"valueRequired\":true,\"valueName\":\"search_term_string\"}}],\"inLanguage\":\"de\"},{\"@type\":\"Organization\",\"@id\":\"https:\/\/www.swissraft.ch\/de\/#organization\",\"name\":\"Swissraft\",\"url\":\"https:\/\/www.swissraft.ch\/de\/\",\"logo\":{\"@type\":\"ImageObject\",\"inLanguage\":\"de\",\"@id\":\"https:\/\/www.swissraft.ch\/de\/#\/schema\/logo\/image\/\",\"url\":\"https:\/\/www.swissraft.ch\/wp-content\/uploads\/2025\/09\/Capture.jpg\",\"contentUrl\":\"https:\/\/www.swissraft.ch\/wp-content\/uploads\/2025\/09\/Capture.jpg\",\"width\":293,\"height\":108,\"caption\":\"Swissraft\"},\"image\":{\"@id\":\"https:\/\/www.swissraft.ch\/de\/#\/schema\/logo\/image\/\"}}]}<\/script>\n<!-- \/ Yoast SEO plugin. -->","yoast_head_json":{"title":"Allgemeine Verkaufs- und Buchungsbedingungen","description":"Allgemeine Gesch\u00e4ftsbedingungen f\u00fcr den Verkauf und die Buchung einer Aktivit\u00e4t bei Swissraft Services International. Nur per E-Mail","robots":{"index":"index","follow":"follow","max-snippet":"max-snippet:-1","max-image-preview":"max-image-preview:large","max-video-preview":"max-video-preview:-1"},"canonical":"https:\/\/www.swissraft.ch\/de\/allgemeine-geschaeftsbedingungen\/","og_locale":"de_DE","og_type":"article","og_title":"Allgemeine Verkaufs- und Buchungsbedingungen","og_description":"Allgemeine Gesch\u00e4ftsbedingungen f\u00fcr den Verkauf und die Buchung einer Aktivit\u00e4t bei Swissraft Services International. Nur per E-Mail","og_url":"https:\/\/www.swissraft.ch\/de\/allgemeine-geschaeftsbedingungen\/","og_site_name":"Swissraft","article_modified_time":"2025-05-31T14:44:18+00:00","twitter_card":"summary_large_image","twitter_misc":{"Gesch\u00e4tzte Lesezeit":"2\u00a0Minuten"},"schema":{"@context":"https:\/\/schema.org","@graph":[{"@type":"WebPage","@id":"https:\/\/www.swissraft.ch\/de\/allgemeine-geschaeftsbedingungen\/","url":"https:\/\/www.swissraft.ch\/de\/allgemeine-geschaeftsbedingungen\/","name":"Allgemeine Verkaufs- und Buchungsbedingungen","isPartOf":{"@id":"https:\/\/www.swissraft.ch\/de\/#website"},"datePublished":"2023-05-21T13:39:39+00:00","dateModified":"2025-05-31T14:44:18+00:00","description":"Allgemeine Gesch\u00e4ftsbedingungen f\u00fcr den Verkauf und die Buchung einer Aktivit\u00e4t bei Swissraft Services International. Nur per E-Mail","breadcrumb":{"@id":"https:\/\/www.swissraft.ch\/de\/allgemeine-geschaeftsbedingungen\/#breadcrumb"},"inLanguage":"de","potentialAction":[{"@type":"ReadAction","target":["https:\/\/www.swissraft.ch\/de\/allgemeine-geschaeftsbedingungen\/"]}]},{"@type":"BreadcrumbList","@id":"https:\/\/www.swissraft.ch\/de\/allgemeine-geschaeftsbedingungen\/#breadcrumb","itemListElement":[{"@type":"ListItem","position":1,"name":"Accueil","item":"https:\/\/www.swissraft.ch\/de\/"},{"@type":"ListItem","position":2,"name":"Allgemeine Verkaufs- und Buchungsbedingungen"}]},{"@type":"WebSite","@id":"https:\/\/www.swissraft.ch\/de\/#website","url":"https:\/\/www.swissraft.ch\/de\/","name":"Swissraft","description":"To enjoy nature as it is","publisher":{"@id":"https:\/\/www.swissraft.ch\/de\/#organization"},"potentialAction":[{"@type":"SearchAction","target":{"@type":"EntryPoint","urlTemplate":"https:\/\/www.swissraft.ch\/de\/?s={search_term_string}"},"query-input":{"@type":"PropertyValueSpecification","valueRequired":true,"valueName":"search_term_string"}}],"inLanguage":"de"},{"@type":"Organization","@id":"https:\/\/www.swissraft.ch\/de\/#organization","name":"Swissraft","url":"https:\/\/www.swissraft.ch\/de\/","logo":{"@type":"ImageObject","inLanguage":"de","@id":"https:\/\/www.swissraft.ch\/de\/#\/schema\/logo\/image\/","url":"https:\/\/www.swissraft.ch\/wp-content\/uploads\/2025\/09\/Capture.jpg","contentUrl":"https:\/\/www.swissraft.ch\/wp-content\/uploads\/2025\/09\/Capture.jpg","width":293,"height":108,"caption":"Swissraft"},"image":{"@id":"https:\/\/www.swissraft.ch\/de\/#\/schema\/logo\/image\/"}}]}},"_links":{"self":[{"href":"https:\/\/www.swissraft.ch\/de\/wp-json\/wp\/v2\/pages\/92006","targetHints":{"allow":["GET"]}}],"collection":[{"href":"https:\/\/www.swissraft.ch\/de\/wp-json\/wp\/v2\/pages"}],"about":[{"href":"https:\/\/www.swissraft.ch\/de\/wp-json\/wp\/v2\/types\/page"}],"author":[{"embeddable":true,"href":"https:\/\/www.swissraft.ch\/de\/wp-json\/wp\/v2\/users\/1"}],"replies":[{"embeddable":true,"href":"https:\/\/www.swissraft.ch\/de\/wp-json\/wp\/v2\/comments?post=92006"}],"version-history":[{"count":6,"href":"https:\/\/www.swissraft.ch\/de\/wp-json\/wp\/v2\/pages\/92006\/revisions"}],"predecessor-version":[{"id":116100,"href":"https:\/\/www.swissraft.ch\/de\/wp-json\/wp\/v2\/pages\/92006\/revisions\/116100"}],"wp:attachment":[{"href":"https:\/\/www.swissraft.ch\/de\/wp-json\/wp\/v2\/media?parent=92006"}],"curies":[{"name":"wp","href":"https:\/\/api.w.org\/{rel}","templated":true}]}}